{"id":14642,"date":"2015-10-14T11:32:22","date_gmt":"2015-10-14T09:32:22","guid":{"rendered":"https:\/\/www.tintorerialaura.com\/inicio?lang=de"},"modified":"2017-08-03T17:28:49","modified_gmt":"2017-08-03T15:28:49","slug":"home","status":"publish","type":"page","link":"https:\/\/www.tintorerialaura.com\/de","title":{"rendered":"Home"},"content":{"rendered":"<p><div  class=\"fusion-fullwidth fullwidth-box nonhundred-percent-fullwidth\"  style='background-color: rgba(255,255,255,0);background-position: left top;background-repeat: no-repeat;padding-top:20px;padding-bottom:20px;border-top-width:0px;border-bottom-width:0px;border-color:#eae9e9;border-top-style:solid;border-bottom-style:solid;'><div class=\"fusion-builder-row fusion-row \"><div  class=\"fusion-layout-column fusion_builder_column fusion_builder_column_1_3  fusion-one-third fusion-column-first 1_3\"  style='margin-top:0px;margin-bottom:20px;width:30.6666%; margin-right: 4%;'>\n\t\t\t\t\t<div class=\"fusion-column-wrapper\" style=\"background-position:left top;background-repeat:no-repeat;-webkit-background-size:cover;-moz-background-size:cover;-o-background-size:cover;background-size:cover;\"  data-bg-url=\"\">\n\t\t\t\t\t\t<div class=\"imageframe-align-center\"><div class=\"imageframe-liftup\"><span style=\"-moz-box-shadow: 0 0 3px rgba(0,0,0,.3);-webkit-box-shadow: 0 0 3px rgba(0,0,0,.3);box-shadow: 0 0 3px rgba(0,0,0,.3);\" class=\"fusion-imageframe imageframe-glow imageframe-1\"><a class=\"fusion-no-lightbox\" href=\"\/vestidos-novia?lang=en\" target=\"_self\" aria-label=\"JorgeTerra_149_337_215\"><img loading=\"lazy\" src=\"https:\/\/www.tintorerialaura.com\/wp-content\/uploads\/2015\/10\/JorgeTerra_149_337_215.jpg\" width=\"337\" height=\"215\" alt=\"Ir a la p\u00e1gina Limpieza de Vestidos de Novia\" class=\"img-responsive wp-image-14646\"\/><\/a><\/span><\/div><\/div><div class=\"fusion-sep-clear\"><\/div><div class=\"fusion-separator fusion-full-width-sep sep-none\" style=\"margin-left: auto;margin-right: auto;margin-top:18px;\"><\/div><h2><a href=\"https:\/\/www.tintorerialaura.com\/wedding_dress_cleaning_dyeing?lang=en\">Brautkleider Reinigung<\/a><\/h2>\n<p>Tintorer\u00eda Laura<strong>\u2013 <\/strong>Spezialisten f\u00fcr Reinigung und B\u00fcgeln von Hochzeitskleidern.<br \/>\nWir arbeiten mit den gro\u00dfen Designern<\/p>\n<p>Service f\u00fcr den Versand nach Europa<\/p>\n<div class=\"fusion-clearfix\"><\/div>\n<div class=\"fusion-clearfix\"><\/div>\n\n\t\t\t\t\t<\/div>\n\t\t\t\t<\/div><div  class=\"fusion-layout-column fusion_builder_column fusion_builder_column_1_3  fusion-one-third 1_3\"  style='margin-top:0px;margin-bottom:20px;width:30.6666%; margin-right: 4%;'>\n\t\t\t\t\t<div class=\"fusion-column-wrapper\" style=\"background-position:left top;background-repeat:no-repeat;-webkit-background-size:cover;-moz-background-size:cover;-o-background-size:cover;background-size:cover;\"  data-bg-url=\"\">\n\t\t\t\t\t\t<div class=\"imageframe-align-center\"><div class=\"imageframe-liftup\"><span style=\"-moz-box-shadow: 0 0 3px rgba(0,0,0,.3);-webkit-box-shadow: 0 0 3px rgba(0,0,0,.3);box-shadow: 0 0 3px rgba(0,0,0,.3);\" class=\"fusion-imageframe imageframe-glow imageframe-2\"><a class=\"fusion-no-lightbox\" href=\"\/comunion-bautizo?lang=en\" target=\"_self\" aria-label=\"Fotolia_64258982_337_215_A\"><img loading=\"lazy\" src=\"https:\/\/www.tintorerialaura.com\/wp-content\/uploads\/2016\/01\/Fotolia_64258982_337_215_A.jpg\" width=\"337\" height=\"215\" alt=\"Ir a la p\u00e1gina Limpieza de Vestidos de Comunion y Bautizo\" class=\"img-responsive wp-image-13741\"\/><\/a><\/span><\/div><\/div><div class=\"fusion-sep-clear\"><\/div><div class=\"fusion-separator fusion-full-width-sep sep-none\" style=\"margin-left: auto;margin-right: auto;margin-top:18px;\"><\/div><h2 data-lineheight=\"27\" data-fontsize=\"18\"><a href=\"https:\/\/www.tintorerialaura.com\/comunion-bautizo?lang=en\">Erste Heilige Kommunion und Taufe Kleider<\/a><\/h2>\n<p><span lang=\"de\">Reinigung, Bleichen und Pressen.<\/span><\/p>\n<p><span lang=\"de\">Pressung vor und nach dem Foto-sessions<\/span><\/p>\n<div class=\"fusion-clearfix\"><\/div>\n\n\t\t\t\t\t<\/div>\n\t\t\t\t<\/div><div  class=\"fusion-layout-column fusion_builder_column fusion_builder_column_1_3  fusion-one-third fusion-column-last 1_3\"  style='margin-top:0px;margin-bottom:20px;width:30.6666%'>\n\t\t\t\t\t<div class=\"fusion-column-wrapper\" style=\"background-position:left top;background-repeat:no-repeat;-webkit-background-size:cover;-moz-background-size:cover;-o-background-size:cover;background-size:cover;\"  data-bg-url=\"\">\n\t\t\t\t\t\t<div class=\"imageframe-align-center\"><div class=\"imageframe-liftup\"><span class=\"fusion-imageframe imageframe-none imageframe-3\"><a class=\"fusion-no-lightbox\" href=\"\/limpieza-bolsos-calzado?lang=en\" target=\"_self\" aria-label=\"fotolia_71487154\"><img loading=\"lazy\" src=\"https:\/\/www.tintorerialaura.com\/wp-content\/uploads\/2016\/04\/fotolia_71487154.jpg\" width=\"500\" height=\"335\" alt=\"Ir a la p\u00e1gina Limpieza de Bolsos y Calzado\" class=\"img-responsive wp-image-13959\"\/><\/a><\/span><\/div><\/div><div class=\"fusion-sep-clear\"><\/div><div class=\"fusion-separator fusion-full-width-sep sep-none\" style=\"margin-left: auto;margin-right: auto;margin-top:18px;\"><\/div><h2 data-lineheight=\"27\" data-fontsize=\"18\"><a href=\"https:\/\/www.tintorerialaura.com\/limpieza-bolsos-calzado?lang=en\">Taschen und Schuhe<\/a><\/h2>\n<p>Tintoreria Laura ist ein vertrauensw\u00fcrdiger Partner f\u00fcr die meisten Designer und Haute Couture Boutiquen<\/p>\n<div class=\"fusion-clearfix\"><\/div>\n\n\t\t\t\t\t<\/div>\n\t\t\t\t<\/div><\/div><\/div><div  class=\"fusion-fullwidth fullwidth-box nonhundred-percent-fullwidth\"  style='background-color: #fcfcfc;background-position: left top;background-repeat: no-repeat;padding-top:0px;padding-right:0px;padding-bottom:15px;padding-left:0px;'><div class=\"fusion-builder-row fusion-row \"><div  class=\"fusion-layout-column fusion_builder_column fusion_builder_column_1_3  fusion-one-third fusion-column-first 1_3\"  style='margin-top:0px;margin-bottom:20px;width:30.6666%; margin-right: 4%;'>\n\t\t\t\t\t<div class=\"fusion-column-wrapper\" style=\"background-position:left top;background-repeat:no-repeat;-webkit-background-size:cover;-moz-background-size:cover;-o-background-size:cover;background-size:cover;\"  data-bg-url=\"\">\n\t\t\t\t\t\t<div class=\"imageframe-align-center\"><div class=\"imageframe-liftup\"><span style=\"-moz-box-shadow: 0 0 3px rgba(0,0,0,.3);-webkit-box-shadow: 0 0 3px rgba(0,0,0,.3);box-shadow: 0 0 3px rgba(0,0,0,.3);\" class=\"fusion-imageframe imageframe-glow imageframe-4\"><a class=\"fusion-no-lightbox\" href=\"\/pieles-peleteria-fina?lang=en\" target=\"_self\" aria-label=\"fotolia_36632804\"><img loading=\"lazy\" src=\"https:\/\/www.tintorerialaura.com\/wp-content\/uploads\/2016\/04\/fotolia_36632804.jpg\" width=\"500\" height=\"333\" alt=\"Ir a la p\u00e1gina Limpieza, restauraci\u00f3n y te\u00f1ido de Piel y Peleter\u00eda Fina\" class=\"img-responsive wp-image-13949\"\/><\/a><\/span><\/div><\/div><div class=\"fusion-sep-clear\"><\/div><div class=\"fusion-separator fusion-full-width-sep sep-none\" style=\"margin-left: auto;margin-right: auto;margin-top:18px;\"><\/div><h2><a href=\"https:\/\/www.tintorerialaura.com\/pieles-peleteria-fina?lang=en\">Leder und Pelz Reinigung<\/a><\/h2>\n<p><span lang=\"de\">Professionelle Reinigung und Pflege von Produkten aus Leder, Pelzen, Feinleder, und Velour<\/span><\/p>\n<p><span lang=\"de\">Pelz: Reinigung sowie Motte proofing Behandlungen<\/span><\/p>\n<div class=\"fusion-clearfix\"><\/div>\n\n\t\t\t\t\t<\/div>\n\t\t\t\t<\/div><div  class=\"fusion-layout-column fusion_builder_column fusion_builder_column_1_3  fusion-one-third 1_3\"  style='margin-top:0px;margin-bottom:20px;width:30.6666%; margin-right: 4%;'>\n\t\t\t\t\t<div class=\"fusion-column-wrapper\" style=\"background-position:left top;background-repeat:no-repeat;-webkit-background-size:cover;-moz-background-size:cover;-o-background-size:cover;background-size:cover;\"  data-bg-url=\"\">\n\t\t\t\t\t\t<div class=\"imageframe-align-center\"><div class=\"imageframe-liftup\"><span class=\"fusion-imageframe imageframe-none imageframe-5\"><a class=\"fusion-no-lightbox\" href=\"https:\/\/www.tintorerialaura.com\/barbours-y-belstaff?lang=en\" target=\"_self\" aria-label=\"Fotolia_31802198_337x215\"><img loading=\"lazy\" src=\"https:\/\/www.tintorerialaura.com\/wp-content\/uploads\/2015\/10\/Fotolia_31802198_337x215.jpg\" width=\"337\" height=\"215\" alt=\"Ir a la p\u00e1gina Limpieza, restauraci\u00f3n y te\u00f1ido de Piel y Peleter\u00eda Fina\" class=\"img-responsive wp-image-14666\"\/><\/a><\/span><\/div><\/div><div class=\"fusion-sep-clear\"><\/div><div class=\"fusion-separator fusion-full-width-sep sep-none\" style=\"margin-left: auto;margin-right: auto;margin-top:18px;\"><\/div><h2><a href=\"https:\/\/www.tintorerialaura.com\/barbours-y-belstaff?lang=en\">Barbour und Belstaff Wachsjacken <\/a><\/h2>\n<p>Reinigen, reparieren, wachsen und f\u00e4rben von Barbours und Belstaff um wieder seiner urspr\u00fcnglichen Aussehen zu lassen.<\/p>\n<div class=\"fusion-clearfix\"><\/div>\n\n\t\t\t\t\t<\/div>\n\t\t\t\t<\/div><div  class=\"fusion-layout-column fusion_builder_column fusion_builder_column_1_3  fusion-one-third fusion-column-last 1_3\"  style='margin-top:0px;margin-bottom:20px;width:30.6666%'>\n\t\t\t\t\t<div class=\"fusion-column-wrapper\" style=\"background-position:left top;background-repeat:no-repeat;-webkit-background-size:cover;-moz-background-size:cover;-o-background-size:cover;background-size:cover;\"  data-bg-url=\"\">\n\t\t\t\t\t\t<div class=\"imageframe-align-center\"><div class=\"imageframe-liftup\"><span style=\"-moz-box-shadow: 0 0 3px rgba(0,0,0,.3);-webkit-box-shadow: 0 0 3px rgba(0,0,0,.3);box-shadow: 0 0 3px rgba(0,0,0,.3);\" class=\"fusion-imageframe imageframe-glow imageframe-6\"><a class=\"fusion-no-lightbox\" href=\"\/fiesta-etiqueta?lang=en\" target=\"_self\" aria-label=\"fotolia_49112183\"><img loading=\"lazy\" src=\"https:\/\/www.tintorerialaura.com\/wp-content\/uploads\/2016\/04\/fotolia_49112183.jpg\" width=\"500\" height=\"334\" alt=\"Ir a la p\u00e1gina Limpieza de Vestidos de Fiesta y Alta Costura\" class=\"img-responsive wp-image-13953\"\/><\/a><\/span><\/div><\/div><div class=\"fusion-sep-clear\"><\/div><div class=\"fusion-separator fusion-full-width-sep sep-none\" style=\"margin-left: auto;margin-right: auto;margin-top:18px;\"><\/div><h2 data-lineheight=\"27\" data-fontsize=\"18\"><a href=\"https:\/\/www.tintorerialaura.com\/fiesta-etiqueta?lang=en\">Party Kleider und Haute Couture<\/a><\/h2>\n<p>Tintorer\u00eda y Pieles Laura ist ein vertrauensw\u00fcrdiger Mitarbeiter mit Luxus Kleidungsst\u00fcck und haute-Couture-Einzelh\u00e4ndler<\/p>\n<div class=\"fusion-clearfix\"><\/div>\n\n\t\t\t\t\t<\/div>\n\t\t\t\t<\/div><\/div><\/div><div  class=\"fusion-fullwidth fullwidth-box nonhundred-percent-fullwidth\"  style='background-color: #fcfcfc;background-position: left top;background-repeat: no-repeat;padding-top:0px;padding-right:0px;padding-bottom:15px;padding-left:0px;'><div class=\"fusion-builder-row fusion-row \"><div  class=\"fusion-layout-column fusion_builder_column fusion_builder_column_1_3  fusion-one-third fusion-column-first 1_3\"  style='margin-top:0px;margin-bottom:20px;width:30.6666%; margin-right: 4%;'>\n\t\t\t\t\t<div class=\"fusion-column-wrapper\" style=\"background-position:left top;background-repeat:no-repeat;-webkit-background-size:cover;-moz-background-size:cover;-o-background-size:cover;background-size:cover;\"  data-bg-url=\"\">\n\t\t\t\t\t\t<div class=\"imageframe-align-center\"><div class=\"imageframe-liftup\"><span style=\"-moz-box-shadow: 0 0 3px rgba(0,0,0,.3);-webkit-box-shadow: 0 0 3px rgba(0,0,0,.3);box-shadow: 0 0 3px rgba(0,0,0,.3);\" class=\"fusion-imageframe imageframe-glow imageframe-7\"><a class=\"fusion-no-lightbox\" href=\"\/tenido-de-todo-tipo-de-prendas?lang=en\" target=\"_self\" aria-label=\"Fotolia_91372729_337_215\"><img loading=\"lazy\" src=\"https:\/\/www.tintorerialaura.com\/wp-content\/uploads\/2015\/10\/Fotolia_91372729_337_215.jpg\" width=\"337\" height=\"215\" alt=\"Ir a la p\u00e1gina Tintes y Te\u00f1ido de ropa\" class=\"img-responsive wp-image-14668\"\/><\/a><\/span><\/div><\/div><div class=\"fusion-sep-clear\"><\/div><div class=\"fusion-separator fusion-full-width-sep sep-none\" style=\"margin-left: auto;margin-right: auto;margin-top:18px;\"><\/div><h2><a href=\"https:\/\/www.tintorerialaura.com\/tenido-de-todo-tipo-de-prendas?lang=en\">Kleidung f\u00e4rben<\/a><\/h2>\n<p>\u00c4ndern Sie die Farbe Ihres Kleidungsst\u00fccks oder geben Sie ihm ein neues Leben<\/p>\n<p>Spezialisten f\u00fcr f\u00e4rben von allen Arten von Bekleidung: Barbour, Belstaff und Hochzeit &amp; Partykleider<\/p>\n<p>Service f\u00fcr Versand in alle L\u00e4nder Europas<\/p>\n<div class=\"fusion-clearfix\"><\/div>\n\n\t\t\t\t\t<\/div>\n\t\t\t\t<\/div><div  class=\"fusion-layout-column fusion_builder_column fusion_builder_column_1_3  fusion-one-third 1_3\"  style='margin-top:0px;margin-bottom:20px;width:30.6666%; margin-right: 4%;'>\n\t\t\t\t\t<div class=\"fusion-column-wrapper\" style=\"background-position:left top;background-repeat:no-repeat;-webkit-background-size:cover;-moz-background-size:cover;-o-background-size:cover;background-size:cover;\"  data-bg-url=\"\">\n\t\t\t\t\t\t<div class=\"imageframe-align-center\"><div class=\"imageframe-liftup\"><span style=\"-moz-box-shadow: 0 0 3px rgba(0,0,0,.3);-webkit-box-shadow: 0 0 3px rgba(0,0,0,.3);box-shadow: 0 0 3px rgba(0,0,0,.3);\" class=\"fusion-imageframe imageframe-glow imageframe-8\"><a class=\"fusion-no-lightbox\" href=\"\/ignifugacion-tejidos-y-locales?lang=en\" target=\"_self\" aria-label=\"fotolia_30257289_337x215\"><img loading=\"lazy\" src=\"https:\/\/www.tintorerialaura.com\/wp-content\/uploads\/2015\/10\/Fotolia_30257289_337x215.jpg\" width=\"337\" height=\"215\" alt=\"Ir a la p\u00e1gina Ign\u00edfugos y tratamientos antifuego\" class=\"img-responsive wp-image-15080\"\/><\/a><\/span><\/div><\/div><div class=\"fusion-sep-clear\"><\/div><div class=\"fusion-separator fusion-full-width-sep sep-none\" style=\"margin-left: auto;margin-right: auto;margin-top:18px;\"><\/div><h2 data-lineheight=\"27\" data-fontsize=\"18\"><a href=\"https:\/\/www.tintorerialaura.com\/ignifugacion-tejidos-y-locales?lang=en\">Brandschutz<\/a><\/h2>\n<p>Zertifizierte Brandschutz f\u00fcr Stoffe und Lokale<br \/>\nTextile Behandlungen f\u00fcr vorbeugenden Brandschutz<\/p>\n<p>Service in ganz Europa verf\u00fcgbar<\/p>\n<div class=\"fusion-clearfix\"><\/div>\n\n\t\t\t\t\t<\/div>\n\t\t\t\t<\/div><div  class=\"fusion-layout-column fusion_builder_column fusion_builder_column_1_3  fusion-one-third fusion-column-last 1_3\"  style='margin-top:0px;margin-bottom:20px;width:30.6666%'>\n\t\t\t\t\t<div class=\"fusion-column-wrapper\" style=\"background-position:left top;background-repeat:no-repeat;-webkit-background-size:cover;-moz-background-size:cover;-o-background-size:cover;background-size:cover;\"  data-bg-url=\"\">\n\t\t\t\t\t\t<div class=\"imageframe-align-center\"><div class=\"imageframe-liftup\"><span class=\"fusion-imageframe imageframe-none imageframe-9\"><a class=\"fusion-no-lightbox\" href=\"\/alfombras?lang=en\" target=\"_self\" aria-label=\"fotolia_85075210_337x215\"><img loading=\"lazy\" src=\"https:\/\/www.tintorerialaura.com\/wp-content\/uploads\/2015\/10\/Fotolia_85075210_337x215.jpg\" width=\"337\" height=\"215\" alt=\"Ir a la p\u00e1gina Limpieza y restauraci\u00f3n de Alfombras y Tapices\" class=\"img-responsive wp-image-15079\"\/><\/a><\/span><\/div><\/div><div class=\"fusion-sep-clear\"><\/div><div class=\"fusion-separator fusion-full-width-sep sep-none\" style=\"margin-left: auto;margin-right: auto;margin-top:18px;\"><\/div><h2><a href=\"https:\/\/www.tintorerialaura.com\/alfombras?lang=en\">Teppiche<\/a><\/h2>\n<p><span lang=\"de\">Teppich Reinigung und Restaurierung<\/span><\/p>\n<p><span lang=\"de\">Persischen Seidenteppichen, Wolle Teppiche, usw.<\/span><\/p>\n<div class=\"fusion-clearfix\"><\/div>\n\n\t\t\t\t\t<\/div>\n\t\t\t\t<\/div><\/div><\/div><div  class=\"fusion-fullwidth fullwidth-box nonhundred-percent-fullwidth\"  style='background-color: #fcfcfc;background-position: left top;background-repeat: no-repeat;padding-top:0px;padding-right:0px;padding-bottom:15px;padding-left:0px;'><div class=\"fusion-builder-row fusion-row \"><div  class=\"fusion-layout-column fusion_builder_column fusion_builder_column_1_3  fusion-one-third fusion-column-first 1_3\"  style='margin-top:0px;margin-bottom:20px;width:30.6666%; margin-right: 4%;'>\n\t\t\t\t\t<div class=\"fusion-column-wrapper\" style=\"background-position:left top;background-repeat:no-repeat;-webkit-background-size:cover;-moz-background-size:cover;-o-background-size:cover;background-size:cover;\"  data-bg-url=\"\">\n\t\t\t\t\t\t<div class=\"imageframe-align-center\"><div class=\"imageframe-liftup\"><span style=\"-moz-box-shadow: 0 0 3px rgba(0,0,0,.3);-webkit-box-shadow: 0 0 3px rgba(0,0,0,.3);box-shadow: 0 0 3px rgba(0,0,0,.3);\" class=\"fusion-imageframe imageframe-glow imageframe-10\"><a class=\"fusion-no-lightbox\" href=\"https:\/\/www.tintorerialaura.com\/cortinas-y-estores?lang=en\" target=\"_self\" aria-label=\"Fotolia_91521045_337_215\"><img loading=\"lazy\" src=\"https:\/\/www.tintorerialaura.com\/wp-content\/uploads\/2015\/10\/Fotolia_91521045_337_215.jpg\" width=\"337\" height=\"215\" alt=\"Ir a la p\u00e1gina Limpieza de Cortinas y Estores\" class=\"img-responsive wp-image-14669\"\/><\/a><\/span><\/div><\/div><div class=\"fusion-sep-clear\"><\/div><div class=\"fusion-separator fusion-full-width-sep sep-none\" style=\"margin-left: auto;margin-right: auto;margin-top:18px;\"><\/div><h2><a href=\"https:\/\/www.tintorerialaura.com\/cortinas-y-estores?lang=en\">Gardinen und Stores<\/a><\/h2>\n<p>Spezialisierte Reinigung alle Arten von Gardinen, Vorh\u00e4nger und Stores aus jedem material, Baumwolle, Samt, Leinen<\/p>\n<p>Abholung und Wiederzuh\u00e4ngen Service auch zur Verf\u00fcgung<\/p>\n<div class=\"fusion-clearfix\"><\/div>\n\n\t\t\t\t\t<\/div>\n\t\t\t\t<\/div><div  class=\"fusion-layout-column fusion_builder_column fusion_builder_column_1_3  fusion-one-third 1_3\"  style='margin-top:0px;margin-bottom:20px;width:30.6666%; margin-right: 4%;'>\n\t\t\t\t\t<div class=\"fusion-column-wrapper\" style=\"background-position:left top;background-repeat:no-repeat;-webkit-background-size:cover;-moz-background-size:cover;-o-background-size:cover;background-size:cover;\"  data-bg-url=\"\">\n\t\t\t\t\t\t<div class=\"imageframe-align-center\"><div class=\"imageframe-liftup\"><span style=\"-moz-box-shadow: 0 0 3px rgba(0,0,0,.3);-webkit-box-shadow: 0 0 3px rgba(0,0,0,.3);box-shadow: 0 0 3px rgba(0,0,0,.3);\" class=\"fusion-imageframe imageframe-glow imageframe-11\"><a class=\"fusion-no-lightbox\" href=\"https:\/\/www.tintorerialaura.com\/edredones-y-mantas?lang=en\" target=\"_self\" aria-label=\"Fotolia_61485191_337_215\"><img loading=\"lazy\" src=\"https:\/\/www.tintorerialaura.com\/wp-content\/uploads\/2016\/01\/Fotolia_61485191_337_215.jpg\" width=\"337\" height=\"215\" alt=\"Ir a la p\u00e1gina Limpieza de Edredones y Mantas\" class=\"img-responsive wp-image-13745\"\/><\/a><\/span><\/div><\/div><div class=\"fusion-sep-clear\"><\/div><div class=\"fusion-separator fusion-full-width-sep sep-none\" style=\"margin-left: auto;margin-right: auto;margin-top:18px;\"><\/div><h2><a href=\"https:\/\/www.tintorerialaura.com\/edredones-y-mantas?lang=en\">Reinigung von Decken<\/a><\/h2>\n<p>Reinigung von Bettdecken aus Federn und Decken aus Wolle<\/p>\n<p>Benutzen Sie unseren Service &#8222;Out-of-Saison&#8220; Kleidung Lagerung<\/p>\n<div class=\"fusion-clearfix\"><\/div>\n\n\t\t\t\t\t<\/div>\n\t\t\t\t<\/div><div  class=\"fusion-layout-column fusion_builder_column fusion_builder_column_1_3  fusion-one-third fusion-column-last 1_3\"  style='margin-top:0px;margin-bottom:20px;width:30.6666%'>\n\t\t\t\t\t<div class=\"fusion-column-wrapper\" style=\"background-position:left top;background-repeat:no-repeat;-webkit-background-size:cover;-moz-background-size:cover;-o-background-size:cover;background-size:cover;\"  data-bg-url=\"\">\n\t\t\t\t\t\t<div class=\"imageframe-align-center\"><div class=\"imageframe-liftup\"><span style=\"-moz-box-shadow: 0 0 3px rgba(0,0,0,.3);-webkit-box-shadow: 0 0 3px rgba(0,0,0,.3);box-shadow: 0 0 3px rgba(0,0,0,.3);\" class=\"fusion-imageframe imageframe-glow imageframe-12\"><a class=\"fusion-no-lightbox\" href=\"\/cursos-de-plancha-y-tratamientos-de-prendas-en-casa?lang=en\" target=\"_self\" aria-label=\"Fotolia_69902737_Recortada337_215\"><img loading=\"lazy\" src=\"https:\/\/www.tintorerialaura.com\/wp-content\/uploads\/2015\/10\/Fotolia_69902737_Recortada337_215.jpg\" width=\"337\" height=\"215\" alt=\"Ir a la p\u00e1gina Cursos de plancha y tratamiento de prendas en casa\" class=\"img-responsive wp-image-14643\"\/><\/a><\/span><\/div><\/div><div class=\"fusion-sep-clear\"><\/div><div class=\"fusion-separator fusion-full-width-sep sep-none\" style=\"margin-left: auto;margin-right: auto;margin-top:18px;\"><\/div><h2><a href=\"https:\/\/www.tintorerialaura.com\/cursos-de-plancha-y-tratamientos-de-prendas-en-casa?lang=en\">Kurse von Eisen-Haushalt<\/a><\/h2>\n<p>Schulung unserer Kunden wie Sie zu Hause Ihre Kleidung b\u00fcgeln<br \/>\nOffene Zeit: Buchen Sie Ihren Platz f\u00fcr die n\u00e4chste Ausgabe<\/p>\n<div class=\"fusion-clearfix\"><\/div>\n\n\t\t\t\t\t<\/div>\n\t\t\t\t<\/div><\/div><\/div><div  class=\"fusion-fullwidth fullwidth-box nonhundred-percent-fullwidth\"  style='background-color: rgba(255,255,255,0);background-position: left top;background-repeat: no-repeat;padding-right:0px;padding-bottom:0px;padding-left:0px;border-top-width:0px;border-bottom-width:0px;border-color:#eae9e9;border-top-style:solid;border-bottom-style:solid;'><div class=\"fusion-builder-row fusion-row \"><div  class=\"fusion-layout-column fusion_builder_column fusion_builder_column_1_1  fusion-one-full fusion-column-first fusion-column-last fusion-column-no-min-height 1_1\"  style='margin-top:0px;margin-bottom:0px;'>\n\t\t\t\t\t<div class=\"fusion-column-wrapper\" style=\"background-position:left top;background-repeat:no-repeat;-webkit-background-size:cover;-moz-background-size:cover;-o-background-size:cover;background-size:cover;\"  data-bg-url=\"\">\n\t\t\t\t\t\t<div class=\"fusion-title title sep-underline sep-solid fusion-title-size-one\" style=\"border-bottom-color:#e0dede;margin-top:0px;margin-bottom:31px;\"><h1 class=\"title-heading-left\"><a href=\"\/?page_id=11587\">Tintoreria y Pieles Laura &#8211; Beste Reinigung<\/a><\/h1><\/div><div class=\"fusion-clearfix\"><\/div>\n\n\t\t\t\t\t<\/div>\n\t\t\t\t<\/div><div  class=\"fusion-layout-column fusion_builder_column fusion_builder_column_3_5  fusion-three-fifth fusion-column-first 3_5\"  style='margin-top:0px;margin-bottom:20px;width:58.4%; margin-right: 4%;'>\n\t\t\t\t\t<div class=\"fusion-column-wrapper\" style=\"background-position:left top;background-repeat:no-repeat;-webkit-background-size:cover;-moz-background-size:cover;-o-background-size:cover;background-size:cover;\"  data-bg-url=\"\">\n\t\t\t\t\t\t<p><span lang=\"de\">Die beste Reinigung &#8211; Tintorer\u00eda y Pieles Laura ist ein f\u00fchrendes Unternehmen im Bereich Chemise Reinigung und Leder Restaurierung . <\/span><\/p>\n<p><span lang=\"de\">Mit mehr als 45 Jahren Erfahrung und \u00fcber 1.000.000 verarbeiteten St\u00fccke, Innovation und Technik neben einem pers\u00f6nlichen exquisiten Service bringt uns auf der Karte als Referenz in der Industrie, sowohl national als auch international.<\/span><\/p>\n<p lang=\"de\">Wir verf\u00fcgen \u00fcber einem Textile Engineering Labor, wo alle Textilstoffe und Lederprodukte analysiert werden um die bestm\u00f6gliche Behandlung zu bestimmen.<\/p>\n<p lang=\"de\">Unser Leistungsportfolio umfasst Reinigung und B\u00fcgeleisen aller Kleidung und Stoffe, Heimtextilien und Dekor, Vorh\u00e4nge, Steppdecken, Teppiche, Polster, Kleidungsst\u00fcck zu f\u00e4rben, Wachsjacket Restaurierung, Brautkleider, Leder, Pelz, N\u00e4hservice,\u00a0<span lang=\"de\"> Reinigung und Restaurierung von Handtaschen und Schuhe, Yachten und Reinigungsbehandlung<\/span>, usw.<\/p>\n<p lang=\"de\">Die Balance zwischen Luxus und Technologie haben &#8222;Tintorer\u00eda y Pieles Laura&#8220; eine der besten Reinigungen von Europa gemacht.<\/p>\n<div class=\"fusion-sep-clear\"><\/div>\n<div class=\"fusion-sep-clear\"><\/div><div class=\"fusion-separator fusion-full-width-sep sep-none\" style=\"margin-left: auto;margin-right: auto;margin-top:15px;margin-bottom:10px;\"><\/div><div class=\"fusion-clearfix\"><\/div>\n\n\t\t\t\t\t<\/div>\n\t\t\t\t<\/div><div  class=\"fusion-layout-column fusion_builder_column fusion_builder_column_2_5  fusion-two-fifth fusion-column-last 2_5\"  style='margin-top:0px;margin-bottom:20px;width:37.6%'>\n\t\t\t\t\t<div class=\"fusion-column-wrapper\" style=\"background-position:left top;background-repeat:no-repeat;-webkit-background-size:cover;-moz-background-size:cover;-o-background-size:cover;background-size:cover;\"  data-bg-url=\"\">\n\t\t\t\t\t\t<div class=\"fusion-video fusion-vimeo\" style=\"max-width:530px;max-height:400px;\"><div class=\"video-shortcode\"><iframe src=\"https:\/\/player.vimeo.com\/video\/142627590?title=0&amp;byline=0&amp;portrait=0?autoplay=0\" width=\"530\" height=\"400\" allowfullscreen title=\"vimeo142627590?title=0&amp;byline=0&amp;portrait=0\"><\/iframe><\/div><\/div><div class=\"fusion-clearfix\"><\/div>\n\n\t\t\t\t\t<\/div>\n\t\t\t\t<\/div><\/div><\/div><\/p>\n","protected":false},"excerpt":{"rendered":"","protected":false},"author":1,"featured_media":0,"parent":0,"menu_order":82,"comment_status":"closed","ping_status":"closed","template":"100-width.php","meta":{"om_disable_all_campaigns":false},"aioseo_notices":[],"_links":{"self":[{"href":"https:\/\/www.tintorerialaura.com\/de\/wp-json\/wp\/v2\/pages\/14642"}],"collection":[{"href":"https:\/\/www.tintorerialaura.com\/de\/wp-json\/wp\/v2\/pages"}],"about":[{"href":"https:\/\/www.tintorerialaura.com\/de\/wp-json\/wp\/v2\/types\/page"}],"author":[{"embeddable":true,"href":"https:\/\/www.tintorerialaura.com\/de\/wp-json\/wp\/v2\/users\/1"}],"replies":[{"embeddable":true,"href":"https:\/\/www.tintorerialaura.com\/de\/wp-json\/wp\/v2\/comments?post=14642"}],"version-history":[{"count":22,"href":"https:\/\/www.tintorerialaura.com\/de\/wp-json\/wp\/v2\/pages\/14642\/revisions"}],"predecessor-version":[{"id":15384,"href":"https:\/\/www.tintorerialaura.com\/de\/wp-json\/wp\/v2\/pages\/14642\/revisions\/15384"}],"wp:attachment":[{"href":"https:\/\/www.tintorerialaura.com\/de\/wp-json\/wp\/v2\/media?parent=14642"}],"curies":[{"name":"wp","href":"https:\/\/api.w.org\/{rel}","templated":true}]}}