{"id":12427,"date":"2015-10-15T15:26:54","date_gmt":"2015-10-15T13:26:54","guid":{"rendered":"http:\/\/tintorerialaura.com\/?page_id=12427&#038;lang=en"},"modified":"2017-08-02T14:21:03","modified_gmt":"2017-08-02T12:21:03","slug":"pieles-peleteria-fina","status":"publish","type":"page","link":"https:\/\/www.tintorerialaura.com\/en\/pieles-peleteria-fina","title":{"rendered":"Leather and Furs"},"content":{"rendered":"<div  class=\"fusion-fullwidth fullwidth-box nonhundred-percent-fullwidth\"  style='background-color: rgba(255,255,255,0);background-position: left top;background-repeat: no-repeat;padding-top:10px;padding-bottom:20px;border-top-width:0px;border-bottom-width:0px;border-color:#eae9e9;border-top-style:solid;border-bottom-style:solid;'><div class=\"fusion-builder-row fusion-row \"><div  class=\"fusion-layout-column fusion_builder_column fusion_builder_column_1_1  fusion-one-full fusion-column-first fusion-column-last fusion-column-no-min-height 1_1\"  style='margin-top:0px;margin-bottom:0px;'>\n\t\t\t\t\t<div class=\"fusion-column-wrapper\" style=\"background-position:left top;background-repeat:no-repeat;-webkit-background-size:cover;-moz-background-size:cover;-o-background-size:cover;background-size:cover;\"  data-bg-url=\"\">\n\t\t\t\t\t\t<p>From the very start what has set Tintorer\u00eda y Pieles Laura apart is our extensive knowledge and experience with the processing and treatment of all types of leather goods.<\/p>\n<p>As founding partners in ASERP (Asociaci\u00f3n Espa\u00f1ola de Restauradores de Piel) the Spanish Association for Leather and Fur Restorers, and our collaboration with la Escuela Superior de Tener\u00eda (L\u00e9rida) as well as key dye manufacturers for leather goods and finishes such as BASF, CIBA, Curtex, Tintorer\u00eda y Pieles Laura is\u00a0in the position to offer our clients the best alternative possible for the treatment processing\u00a0and preservation of their leather and \u00a0fur pieces.<\/p>\n<p>By keeping up with main well-known laboratories and tanneries where future innovative techniques and research are being done, we are a step ahead of just trends and have the knowledge necessary for processing every type of finish for every kind of leather product that is available in the market.<\/p>\n<p>We offer a special service of moth proofing of Fine Furs<\/p>\n<p>Call us and get more information on what your leather and fur garments need to keep them looking brand new +34 948 241795<\/p>\n<div class=\"fusion-sep-clear\"><\/div><div class=\"fusion-separator fusion-full-width-sep sep-none\" style=\"margin-left: auto;margin-right: auto;margin-top:;margin-bottom:30px;\"><\/div><div class=\"fusion-button-wrapper fusion-aligncenter\"><style type=\"text\/css\" scoped=\"scoped\">.fusion-button.button-1 .fusion-button-text, .fusion-button.button-1 i {color:#cba259;}.fusion-button.button-1 {border-width:1px;border-color:#cba259;}.fusion-button.button-1 .fusion-button-icon-divider{border-color:#cba259;}.fusion-button.button-1:hover .fusion-button-text, .fusion-button.button-1:hover i,.fusion-button.button-1:focus .fusion-button-text, .fusion-button.button-1:focus i,.fusion-button.button-1:active .fusion-button-text, .fusion-button.button-1:active{color:#cba259;}.fusion-button.button-1:hover, .fusion-button.button-1:focus, .fusion-button.button-1:active{border-width:1px;border-color:#cba259;}.fusion-button.button-1:hover .fusion-button-icon-divider, .fusion-button.button-1:hover .fusion-button-icon-divider, .fusion-button.button-1:active .fusion-button-icon-divider{border-color:#cba259;}.fusion-button.button-1{background: #ffffff;}.fusion-button.button-1:hover,.button-1:focus,.fusion-button.button-1:active{background: #e3e6ed;}.fusion-button.button-1{width:auto;}<\/style><a class=\"fusion-button button-flat fusion-button-round button-large button-custom button-1\" target=\"_self\" href=\"\/contacto?lang=en\"><span class=\"fusion-button-text\"> Click here for more details<\/span><\/a><\/div><div class=\"fusion-clearfix\"><\/div>\n\n\t\t\t\t\t<\/div>\n\t\t\t\t<\/div><\/div><\/div>\n","protected":false},"excerpt":{"rendered":"","protected":false},"author":1,"featured_media":0,"parent":0,"menu_order":64,"comment_status":"open","ping_status":"closed","template":"","meta":{"om_disable_all_campaigns":false},"aioseo_notices":[],"_links":{"self":[{"href":"https:\/\/www.tintorerialaura.com\/en\/wp-json\/wp\/v2\/pages\/12427"}],"collection":[{"href":"https:\/\/www.tintorerialaura.com\/en\/wp-json\/wp\/v2\/pages"}],"about":[{"href":"https:\/\/www.tintorerialaura.com\/en\/wp-json\/wp\/v2\/types\/page"}],"author":[{"embeddable":true,"href":"https:\/\/www.tintorerialaura.com\/en\/wp-json\/wp\/v2\/users\/1"}],"replies":[{"embeddable":true,"href":"https:\/\/www.tintorerialaura.com\/en\/wp-json\/wp\/v2\/comments?post=12427"}],"version-history":[{"count":6,"href":"https:\/\/www.tintorerialaura.com\/en\/wp-json\/wp\/v2\/pages\/12427\/revisions"}],"predecessor-version":[{"id":15316,"href":"https:\/\/www.tintorerialaura.com\/en\/wp-json\/wp\/v2\/pages\/12427\/revisions\/15316"}],"wp:attachment":[{"href":"https:\/\/www.tintorerialaura.com\/en\/wp-json\/wp\/v2\/media?parent=12427"}],"curies":[{"name":"wp","href":"https:\/\/api.w.org\/{rel}","templated":true}]}}