{"id":12437,"date":"2015-10-16T09:01:35","date_gmt":"2015-10-16T07:01:35","guid":{"rendered":"http:\/\/tintorerialaura.com\/?page_id=12437&#038;lang=en"},"modified":"2018-09-26T18:51:32","modified_gmt":"2018-09-26T16:51:32","slug":"barbours-y-belstaff","status":"publish","type":"page","link":"https:\/\/www.tintorerialaura.com\/en\/barbours-y-belstaff","title":{"rendered":"Barbours and Belstaff"},"content":{"rendered":"<p><div  class=\"fusion-fullwidth fullwidth-box nonhundred-percent-fullwidth\"  style='background-color: rgba(255,255,255,0);background-position: left top;background-repeat: no-repeat;padding-top:10px;padding-right:px;padding-bottom:50px;padding-left:px;'><div class=\"fusion-builder-row fusion-row \"><div  class=\"fusion-layout-column fusion_builder_column fusion_builder_column_1_1  fusion-one-full fusion-column-first fusion-column-last fusion-column-no-min-height 1_1\"  style='margin-top:0px;margin-bottom:0px;'>\n\t\t\t\t\t<div class=\"fusion-column-wrapper\" style=\"background-position:left top;background-repeat:no-repeat;-webkit-background-size:cover;-moz-background-size:cover;-o-background-size:cover;background-size:cover;\"  data-bg-url=\"\">\n\t\t\t\t\t\t<h2>Limpieza y encerado de Barbours y Belstaff recuperando su apariencia y acabados originales, as\u00ed como la impermeabilizaci\u00f3n.<\/h2>\n<p>El tratamiento de limpieza y encerado de Barbours aplicado en Tintorer\u00eda y Peiles Laura combina el cuidado artesanal con la \u00faltima tecnolog\u00eda para higienizar, limpiar, encerar e impermeabilizar su prenda Barbour o Belstaff.<\/p>\n<p>Se trata de un servicio de alta calidad personalizado en el que cada prenda es analizada de forma individual y recibe el tratamiento id\u00f3neo seg\u00fan su estado y necesidad.<\/p>\n<p>Ahora tambi\u00e9n es posible cambiar el Color sus prendas tipo Barbours y Belstaff con el servicio de te\u00f1ido de prendas \u2013 Inf\u00f3rmese llamando al 948 24 17 95<\/p>\n<p>Miles de clientes han confiado la limpieza y encerado de su prenda tipo Barbours y Belstaff a Tintorer\u00eda y Pieles Laura que, como siempre, es Garant\u00eda de la m\u00e1xima calidad.<\/p>\n<h2>Servicio de Limpieza y encerado de Barbours con env\u00edo a acualquier punto de Espa\u00f1a y Europa<\/h2>\n<p>Si quieres nos puedes enviar tu Barbour o Belstaff con cualquier compa\u00f1\u00eda de transporte o podemos gestionar el env\u00edo nosotros mismos para t\u00ed para que te despreocupes con todo lo referente a la limpieza y encerado de Barbours. Tu decides<\/p>\n<div class=\"fusion-button-wrapper fusion-aligncenter\"><style type=\"text\/css\" scoped=\"scoped\">.fusion-button.button-1 .fusion-button-text, .fusion-button.button-1 i {color:#cba259;}.fusion-button.button-1 {border-width:1px;border-color:#cba259;}.fusion-button.button-1 .fusion-button-icon-divider{border-color:#cba259;}.fusion-button.button-1:hover .fusion-button-text, .fusion-button.button-1:hover i,.fusion-button.button-1:focus .fusion-button-text, .fusion-button.button-1:focus i,.fusion-button.button-1:active .fusion-button-text, .fusion-button.button-1:active{color:#cba259;}.fusion-button.button-1:hover, .fusion-button.button-1:focus, .fusion-button.button-1:active{border-width:1px;border-color:#cba259;}.fusion-button.button-1:hover .fusion-button-icon-divider, .fusion-button.button-1:hover .fusion-button-icon-divider, .fusion-button.button-1:active .fusion-button-icon-divider{border-color:#cba259;}.fusion-button.button-1{background: #ffffff;}.fusion-button.button-1:hover,.button-1:focus,.fusion-button.button-1:active{background: #e3e6ed;}.fusion-button.button-1{width:auto;}<\/style><a class=\"fusion-button button-flat fusion-button-round button-large button-custom button-1\" target=\"_self\" href=\"https:\/\/www.tintorerialaura.com\/en\/contacto\"><span class=\"fusion-button-text\">M\u00e1s informaci\u00f3n<\/span><\/a><\/div><div class=\"fusion-sep-clear\"><\/div><div class=\"fusion-separator fusion-full-width-sep sep-none\" style=\"margin-left: auto;margin-right: auto;margin-top:50px;margin-bottom:50px;\"><\/div><div class=\"fusion-clearfix\"><\/div>\n\n\t\t\t\t\t<\/div>\n\t\t\t\t<\/div><\/div><\/div><div  class=\"fusion-fullwidth fullwidth-box hundred-percent-fullwidth\"  style='background-color: rgba(255,255,255,0);background-position: center center;background-repeat: no-repeat;padding-top:0px;padding-right:0px;padding-bottom:0px;padding-left:0px;'><div class=\"fusion-builder-row fusion-row \"><div  class=\"fusion-layout-column fusion_builder_column fusion_builder_column_1_1  fusion-one-full fusion-column-first fusion-column-last 1_1\"  style='margin-top:0px;margin-bottom:20px;'>\n\t\t\t\t\t<div class=\"fusion-column-wrapper\" style=\"background-position:left top;background-repeat:no-repeat;-webkit-background-size:cover;-moz-background-size:cover;-o-background-size:cover;background-size:cover;\"  data-bg-url=\"\">\n\t\t\t\t\t\t<div class=\"fusion-title title fusion-title-size-two\" style=\"margin-top:0px;margin-bottom:31px;\"><h2 class=\"title-heading-left\">Te\u00f1ido de Barbours y Belstaff<\/h2><div class=\"title-sep-container\"><div class=\"title-sep sep-double sep-solid\" style=\"border-color:#d6d6d6;\"><\/div><\/div><\/div><p><span id=\"yui_3_16_0_ym19_1_1460648449269_6020\">\u00a1Recupera el aspecto original de tu Barbour o Belstaff o c<\/span>ambia\u00a0su\u00a0color para disponer de una prenda nueva diferente!<\/p>\n<p><span id=\"yui_3_16_0_ym19_1_1460648449269_5989\">Tintoreria Laura es Especialista en Te\u00f1ido de todo tipo de prendas entre las que se encuentrasn prendas tan delicadas como Vestidos de Novia de Alta costura,\u00a0 y ahora pone a disposici\u00f3n de sus clientes la posibilidad de te\u00f1ir su Barbour o Belstaff con la garant\u00eda de los mejores especialistas del sector.<\/span><span id=\"yui_3_16_0_ym19_1_1460648449269_5995\"><\/span><\/p>\n<p>Renueva y vuelve a estrener tu Barbour con el servicio de limpieza, encerado y te\u00f1ido de Barbours y Belstaff<\/p>\n<p>Servicio de limpieza, te\u00f1ido y encerado de Barbour con env\u00edo a cualquier punto de Espa\u00f1a y Europa<\/p>\n<div class=\"fusion-image-carousel fusion-image-carousel-auto\"><div class=\"fusion-carousel\" data-autoplay=\"yes\" data-columns=\"1\" data-itemmargin=\"13\" data-itemwidth=\"180\" data-touchscroll=\"no\" data-imagesize=\"auto\"><div class=\"fusion-carousel-positioner\"><ul class=\"fusion-carousel-holder\"><li class=\"fusion-carousel-item\"><div class=\"fusion-carousel-item-wrapper\"><div class=\"fusion-image-wrapper hover-type-none\"><img width=\"1200\" height=\"750\" src=\"https:\/\/www.tintorerialaura.com\/wp-content\/uploads\/2015\/10\/BELSTAFF-AZUL-2_1200X750.jpg\" class=\"attachment-full size-full\" alt=\"Limpieza y encerado de Barbours\" loading=\"lazy\" srcset=\"https:\/\/www.tintorerialaura.com\/wp-content\/uploads\/2015\/10\/BELSTAFF-AZUL-2_1200X750-300x188.jpg 300w, https:\/\/www.tintorerialaura.com\/wp-content\/uploads\/2015\/10\/BELSTAFF-AZUL-2_1200X750-1024x640.jpg 1024w, https:\/\/www.tintorerialaura.com\/wp-content\/uploads\/2015\/10\/BELSTAFF-AZUL-2_1200X750.jpg 1200w\" sizes=\"(max-width: 1200px) 100vw, 1200px\" \/><\/div><\/div><\/li><\/ul><div class=\"fusion-carousel-nav\"><span class=\"fusion-nav-prev\"><\/span><span class=\"fusion-nav-next\"><\/span><\/div><\/div><\/div><\/div><div class=\"fusion-clearfix\"><\/div>\n\n\t\t\t\t\t<\/div>\n\t\t\t\t<\/div><\/div><\/div><\/p>\n","protected":false},"excerpt":{"rendered":"","protected":false},"author":1,"featured_media":0,"parent":0,"menu_order":26,"comment_status":"closed","ping_status":"closed","template":"","meta":{"om_disable_all_campaigns":false},"aioseo_notices":[],"_links":{"self":[{"href":"https:\/\/www.tintorerialaura.com\/en\/wp-json\/wp\/v2\/pages\/12437"}],"collection":[{"href":"https:\/\/www.tintorerialaura.com\/en\/wp-json\/wp\/v2\/pages"}],"about":[{"href":"https:\/\/www.tintorerialaura.com\/en\/wp-json\/wp\/v2\/types\/page"}],"author":[{"embeddable":true,"href":"https:\/\/www.tintorerialaura.com\/en\/wp-json\/wp\/v2\/users\/1"}],"replies":[{"embeddable":true,"href":"https:\/\/www.tintorerialaura.com\/en\/wp-json\/wp\/v2\/comments?post=12437"}],"version-history":[{"count":11,"href":"https:\/\/www.tintorerialaura.com\/en\/wp-json\/wp\/v2\/pages\/12437\/revisions"}],"predecessor-version":[{"id":15676,"href":"https:\/\/www.tintorerialaura.com\/en\/wp-json\/wp\/v2\/pages\/12437\/revisions\/15676"}],"wp:attachment":[{"href":"https:\/\/www.tintorerialaura.com\/en\/wp-json\/wp\/v2\/media?parent=12437"}],"curies":[{"name":"wp","href":"https:\/\/api.w.org\/{rel}","templated":true}]}}