{"id":12448,"date":"2015-10-22T10:50:42","date_gmt":"2015-10-22T08:50:42","guid":{"rendered":"http:\/\/tintorerialaura.com\/?page_id=12448&#038;lang=en"},"modified":"2018-10-17T22:08:05","modified_gmt":"2018-10-17T20:08:05","slug":"ignifugacion-tejidos-y-locales-2","status":"publish","type":"page","link":"https:\/\/www.tintorerialaura.com\/en\/ignifugacion-tejidos-y-locales-2","title":{"rendered":"Fireproofing of materials and venues"},"content":{"rendered":"<div  class=\"fusion-fullwidth fullwidth-box nonhundred-percent-fullwidth\"  style='background-color: rgba(255,255,255,0);background-position: left top;background-repeat: no-repeat;padding-top:10px;padding-right:px;padding-bottom:50px;padding-left:px;'><div class=\"fusion-builder-row fusion-row \"><div  class=\"fusion-layout-column fusion_builder_column fusion_builder_column_1_1  fusion-one-full fusion-column-first fusion-column-last fusion-column-no-min-height 1_1\"  style='margin-top:0px;margin-bottom:0px;'>\n\t\t\t\t\t<div class=\"fusion-column-wrapper\" style=\"background-position:left top;background-repeat:no-repeat;-webkit-background-size:cover;-moz-background-size:cover;-o-background-size:cover;background-size:cover;\"  data-bg-url=\"\">\n\t\t\t\t\t\t<p>Tratamiento de ignifugacion para tejidos y locales con certificado de acuerdo con la legislaci\u00f3n europea vigente.<\/p>\n<p>En Tintorer\u00eda y Pieles Laura ignifugamos todo tipo de tejidos (telas, cortinas, telones, alfombras, moquetas, butacas,\u00a0 elementos suspendidos de decoraci\u00f3n<span class=\"st\">tela, sofas, sillas, butacas), materiales (tejidos, madera, ) y locales (<wbr \/>auditorios, palacios de congresos, teatros, cines, espacios p\u00fablicos, hoteles, restaurantes, locales comerciales, residencias, centros hospitalarios, etc.)<\/span><\/p>\n<p>Tambi\u00e9n realizamos la limpieza e imperbializaci\u00f3n de todo tipo de elementos (cortinas, butacas, sofas, alfombras, etc.)<\/p>\n<p>Disponemos de instalaciones preparadas para ignifugar y limpiar todos los tejidos y art\u00edculos, pero en caso de que el cliente lo requieran, nos desplazamos al domicilio o local del cliente y realizamos el trabajo in situ.<\/p>\n<div class=\"fusion-clearfix\"><\/div>\n\n\t\t\t\t\t<\/div>\n\t\t\t\t<\/div><div  class=\"fusion-layout-column fusion_builder_column fusion_builder_column_1_1  fusion-one-full fusion-column-first fusion-column-last fusion-column-no-min-height 1_1\"  style='margin-top:0px;margin-bottom:0px;'>\n\t\t\t\t\t<div class=\"fusion-column-wrapper\" style=\"background-position:left top;background-repeat:no-repeat;-webkit-background-size:cover;-moz-background-size:cover;-o-background-size:cover;background-size:cover;\"  data-bg-url=\"\">\n\t\t\t\t\t\t<style type=\"text\/css\" scoped=\"scoped\"> }<\/style><div class=\"accordian fusion-accordian\"><div class=\"panel-group\" id=\"accordion-12448-1\"><div class=\"fusion-panel panel-default\"><div class=\"panel-heading\"><h4 class=\"panel-title toggle\"><a data-toggle=\"collapse\" data-parent=\"#accordion-12448-1\" data-target=\"#bee350f6f9e897cf6\" href=\"#bee350f6f9e897cf6\"><div class=\"fusion-toggle-icon-wrapper\"><i class=\"fa-fusion-box\"><\/i><\/div><div class=\"fusion-toggle-heading\">Concepto de Ignifugacion<\/div><\/a><\/h4><\/div><div id=\"bee350f6f9e897cf6\" class=\"panel-collapse collapse \"><div class=\"panel-body toggle-content\">\n<p>La ignifugacion es el tratamiento de un material base con la finalidad de mejorar sus condiciones de reacci\u00f3n frente al fuego.<br \/>\nPara ello aplicamos en el tejido una soluci\u00f3n biodegradable, cuya f\u00f3rmula patentada proporciona caracter\u00edsticas de incombustibilidad a la superficie textil tratada, evitando la generaci\u00f3n de llamas y la expansi\u00f3n del mismo.<\/p>\n<\/div><\/div><\/div><div class=\"fusion-panel panel-default\"><div class=\"panel-heading\"><h4 class=\"panel-title toggle\"><a data-toggle=\"collapse\" data-parent=\"#accordion-12448-1\" data-target=\"#013e7322162bec9dd\" href=\"#013e7322162bec9dd\"><div class=\"fusion-toggle-icon-wrapper\"><i class=\"fa-fusion-box\"><\/i><\/div><div class=\"fusion-toggle-heading\">Diferencia con un Retardante a la llama (flame retardant)<\/div><\/a><\/h4><\/div><div id=\"013e7322162bec9dd\" class=\"panel-collapse collapse \"><div class=\"panel-body toggle-content\">Un retardante retrasa por un tiempo la llama. La ignifugaci\u00f3n ofrece una resistencia mayor al fuego y aunque el material se consume, lo hace sin llama (no es lo mismo) <\/div><\/div><\/div><div class=\"fusion-panel panel-default\"><div class=\"panel-heading\"><h4 class=\"panel-title toggle\"><a data-toggle=\"collapse\" data-parent=\"#accordion-12448-1\" data-target=\"#6717257acd1478533\" href=\"#6717257acd1478533\"><div class=\"fusion-toggle-icon-wrapper\"><i class=\"fa-fusion-box\"><\/i><\/div><div class=\"fusion-toggle-heading\">Normativa de Aplicaci\u00f3n en tratamientos de Ignifugaci\u00f3n<\/div><\/a><\/h4><\/div><div id=\"6717257acd1478533\" class=\"panel-collapse collapse \"><div class=\"panel-body toggle-content\">\n<p>El C\u00f3digo T\u00e9cnico de la Edificaci\u00f3n, en su apartado de <strong>SEGURIDAD EN CASO DE INCENDIO<\/strong>, regula las condiciones exigibles de reacci\u00f3n al fuego de los elementos constructivos, decorativos y de mobiliario.<br \/>\nEn el <strong>art\u00edculo 4.4.b<\/strong> aparecen los elementos m\u00e1s asimilables a la instalaci\u00f3n provisional que se prev\u00e9 realizar, indic\u00e1ndose para estos casos:<br \/>\nTipo de local: Hoteles, espect\u00e1culos y actividades recreativas como cines ,teatros, auditorios, pabellones de deporte, estadios, s<strong>er\u00e1n locales p\u00fablicos siempre, con normativa de reacci\u00f3n al fuego de los materiales textiles existentes. <\/strong><\/p>\n<ol>\n<li>CORTINAS Y TELONES\n<ul>\n<li>Elementos textiles suspendidos, como telones, cortinas, etc:<br \/>\nCLASSE-1. conforme a la normativa <strong>UNE-NE 13773:2003<\/strong>, comportamiento al fuego de cortinas y cortinajes tipo telones.<\/li>\n<\/ul>\n<\/li>\n<li>TAPIZADOS TEXTILES\n<ul>\n<li>Butacas y asientos fijos tapizados que formen parte del proyecto en cines, teatros, auditorios, salones de actos, etc<br \/>\n<strong>UNE-EN 1021-1:2006<\/strong>: Valoraci\u00f3n de la inflamabilidad del mobiliario tapizado con fuente de ignici\u00f3n de cigarrillo en combusti\u00f3n.<br \/>\n<strong>UNE-EN 1021-2:2006<\/strong>: Valoraci\u00f3n de la inflamabilidad del mobiliario tapizado con fuente de ignici\u00f3n de una cerilla en combusti\u00f3n.<\/li>\n<\/ul>\n<\/li>\n<li>MOQUETAS Y ALFOMBRAS\n<ul>\n<li>Moquetas puestas en la pared o suelo de dichos locales.<br \/>\nSUELO: <strong>C1 Floor <\/strong><br \/>\nPARED: <strong>BS2DO <\/strong><\/li>\n<\/ul>\n<\/li>\n<\/ol>\n<p>Normativas cumplen los tratamientos aplicados por Tintorer\u00eda Laura<\/p>\n<p><strong>Euroclase CLASSE-1<\/strong>: Para textiles suspendidos tipo cortina y telones<br \/>\n<strong>Euroclase UNE-EN 1021-1:2006, Y UNE-EN 1021-2:2006<\/strong>: Para butacas<br \/>\n<strong>Euroclase BS2DO<\/strong>: Para moqueta o tejido instalado en pared y techos<br \/>\n<strong>Euroclase C1 Floor<\/strong>: Para moqueta o tejido instalado en el suelo.<br \/>\n<strong>Euroclase BS2DO Y CS2DO<\/strong>: Para la madera de escenarios y de decoraci\u00f3n en pared<\/p>\n<\/div><\/div><\/div><div class=\"fusion-panel panel-default\"><div class=\"panel-heading\"><h4 class=\"panel-title toggle\"><a data-toggle=\"collapse\" data-parent=\"#accordion-12448-1\" data-target=\"#6a88bf327e811a88f\" href=\"#6a88bf327e811a88f\"><div class=\"fusion-toggle-icon-wrapper\"><i class=\"fa-fusion-box\"><\/i><\/div><div class=\"fusion-toggle-heading\">Certificados que se dan despu\u00e9s del tratamiento de Ignifugacion<\/div><\/a><\/h4><\/div><div id=\"6a88bf327e811a88f\" class=\"panel-collapse collapse \"><div class=\"panel-body toggle-content\">\n<p>Certificado de ignifugaci\u00f3n v\u00e1lido para toda la Comunidad Econ\u00f3mica Europea, de acuerdo a las exigencias vigentes.<br \/>\nEste certificado consta de 2 anexos, con la autorizaci\u00f3n y acreditaci\u00f3n de los Laboratorios de la Generalitat de Catalunya, APPLUS Y LEITAT, a la aplicaci\u00f3n del producto ignifugo cumpliendo con los ensayos de rigor de la normativa en vigor, y firma de Ingeniero T\u00e9cnico Industrial Colegiado, sobre la buena aplicaci\u00f3n a los tejidos en cuesti\u00f3n, certificada con las normativas en vigor del C\u00f3digo de Edificaci\u00f3n.<\/p>\n<\/div><\/div><\/div><div class=\"fusion-panel panel-default\"><div class=\"panel-heading\"><h4 class=\"panel-title toggle\"><a data-toggle=\"collapse\" data-parent=\"#accordion-12448-1\" data-target=\"#608d9cd110e502bc7\" href=\"#608d9cd110e502bc7\"><div class=\"fusion-toggle-icon-wrapper\"><i class=\"fa-fusion-box\"><\/i><\/div><div class=\"fusion-toggle-heading\">Clientes que ya han confiado en nuestro servicio:<\/div><\/a><\/h4><\/div><div id=\"608d9cd110e502bc7\" class=\"panel-collapse collapse \"><div class=\"panel-body toggle-content\">A continuaci\u00f3n indicamos algunos de los clientes que hemos ignifugado:<\/p>\n<ul class=\"arrow\" style=\"margin-left: 50px;\">\n<li>Teatro Arriaga (Bilbao)<\/li>\n<li>Museo Guggenheim (Bilbao)<\/li>\n<li><a href=\"\/?p=14348\">Auditorio La Colina (Sabi\u00f1anigo)<\/a><\/li>\n<li>Teatro de la Zarzuela<\/li>\n<li>Palacio Casa Real (Madrid)<\/li>\n<li>Senado de Madrid<\/li>\n<li>Opera (Par\u00eds)<\/li>\n<li>Cirque du Soleil<\/li>\n<li>Liceo (Barcelona)<\/li>\n<li>Compa\u00f1ia Nacional de Danza<\/li>\n<li>Instalaciones Deportivas R. Madrid<\/li>\n<li>Produccions El TERRAT, La Trinca<\/li>\n<li>Teatre Lliure<\/li>\n<li>Teatre Apolo<\/li>\n<li>Minoria Absoluta Produccions<\/li>\n<li>Teatre Nacional de Catalunya<\/li>\n<li>Escola Pia ( Sarri\u00e0)<\/li>\n<li>Palau Sant Jordi, BTM y BSM<\/li>\n<li>Cines ARTE 7 de Talavera de la Reina y Huelva<\/li>\n<li>Premios Onda<\/li>\n<li>Dsigual<\/li>\n<li>Hoteles<\/li>\n<\/ul>\n<\/div><\/div><\/div><\/div><\/div><div class=\"fusion-sep-clear\"><\/div><div class=\"fusion-separator fusion-full-width-sep sep-none\" style=\"margin-left: auto;margin-right: auto;margin-top:20px;margin-bottom:20px;\"><\/div><div class=\"fusion-button-wrapper fusion-aligncenter\"><style type=\"text\/css\" scoped=\"scoped\">.fusion-button.button-1 .fusion-button-text, .fusion-button.button-1 i {color:#cba259;}.fusion-button.button-1 {border-width:1px;border-color:#cba259;}.fusion-button.button-1 .fusion-button-icon-divider{border-color:#cba259;}.fusion-button.button-1:hover .fusion-button-text, .fusion-button.button-1:hover i,.fusion-button.button-1:focus .fusion-button-text, .fusion-button.button-1:focus i,.fusion-button.button-1:active .fusion-button-text, .fusion-button.button-1:active{color:#cba259;}.fusion-button.button-1:hover, .fusion-button.button-1:focus, .fusion-button.button-1:active{border-width:1px;border-color:#cba259;}.fusion-button.button-1:hover .fusion-button-icon-divider, .fusion-button.button-1:hover .fusion-button-icon-divider, .fusion-button.button-1:active .fusion-button-icon-divider{border-color:#cba259;}.fusion-button.button-1{background: #ffffff;}.fusion-button.button-1:hover,.button-1:focus,.fusion-button.button-1:active{background: #e3e6ed;}.fusion-button.button-1{width:auto;}<\/style><a class=\"fusion-button button-flat fusion-button-round button-large button-custom button-1\" target=\"_self\" href=\"https:\/\/www.tintorerialaura.com\/en\/contacto\"><span class=\"fusion-button-text\">M\u00e1s informaci\u00f3n<\/span><\/a><\/div><div class=\"fusion-sep-clear\"><\/div><div class=\"fusion-separator fusion-full-width-sep sep-none\" style=\"margin-left: auto;margin-right: auto;margin-top:20px;margin-bottom:20px;\"><\/div><div class=\"fusion-clearfix\"><\/div>\n\n\t\t\t\t\t<\/div>\n\t\t\t\t<\/div><div  class=\"fusion-layout-column fusion_builder_column fusion_builder_column_1_1  fusion-one-full fusion-column-first fusion-column-last fusion-column-no-min-height 1_1\"  style='margin-top:0px;margin-bottom:0px;'>\n\t\t\t\t\t<div class=\"fusion-column-wrapper\" style=\"background-position:left top;background-repeat:no-repeat;-webkit-background-size:cover;-moz-background-size:cover;-o-background-size:cover;background-size:cover;\"  data-bg-url=\"\">\n\t\t\t\t\t\t<div class=\"fusion-slider-sc flexslider flexslider-hover-type-none\" style=\"max-width:100%;height:100%;\"><ul class=\"slides\"><li class=\"image\"><span class=\"hover-type-none\"><img role=\"presentation\" src=\"https:\/\/www.tintorerialaura.com\/wp-content\/uploads\/2015\/10\/ignifugacion02.jpg\" \/><\/span><\/li><li class=\"image\"><span class=\"hover-type-none\"><img role=\"presentation\" src=\"https:\/\/www.tintorerialaura.com\/wp-content\/uploads\/2015\/10\/240_F_71949914_JCFkX0Kw4W0cTVjtHCyvVg1J5eKsZcmi.jpg\" \/><\/span><\/li><li class=\"image\"><span class=\"hover-type-none\"><img role=\"presentation\" src=\"https:\/\/www.tintorerialaura.com\/wp-content\/uploads\/2015\/10\/ignifugacion04.jpg\" \/><\/span><\/li><li class=\"image\"><span class=\"hover-type-none\"><img role=\"presentation\" src=\"https:\/\/www.tintorerialaura.com\/wp-content\/uploads\/2015\/10\/ignifugacion03.jpg\" \/><\/span><\/li><\/ul><\/div><div class=\"fusion-clearfix\"><\/div>\n\n\t\t\t\t\t<\/div>\n\t\t\t\t<\/div><\/div><\/div>\n","protected":false},"excerpt":{"rendered":"","protected":false},"author":1,"featured_media":0,"parent":0,"menu_order":44,"comment_status":"closed","ping_status":"closed","template":"","meta":{"om_disable_all_campaigns":false},"aioseo_notices":[],"_links":{"self":[{"href":"https:\/\/www.tintorerialaura.com\/en\/wp-json\/wp\/v2\/pages\/12448"}],"collection":[{"href":"https:\/\/www.tintorerialaura.com\/en\/wp-json\/wp\/v2\/pages"}],"about":[{"href":"https:\/\/www.tintorerialaura.com\/en\/wp-json\/wp\/v2\/types\/page"}],"author":[{"embeddable":true,"href":"https:\/\/www.tintorerialaura.com\/en\/wp-json\/wp\/v2\/users\/1"}],"replies":[{"embeddable":true,"href":"https:\/\/www.tintorerialaura.com\/en\/wp-json\/wp\/v2\/comments?post=12448"}],"version-history":[{"count":8,"href":"https:\/\/www.tintorerialaura.com\/en\/wp-json\/wp\/v2\/pages\/12448\/revisions"}],"predecessor-version":[{"id":15707,"href":"https:\/\/www.tintorerialaura.com\/en\/wp-json\/wp\/v2\/pages\/12448\/revisions\/15707"}],"wp:attachment":[{"href":"https:\/\/www.tintorerialaura.com\/en\/wp-json\/wp\/v2\/media?parent=12448"}],"curies":[{"name":"wp","href":"https:\/\/api.w.org\/{rel}","templated":true}]}}