{"id":13166,"date":"2015-11-09T11:28:05","date_gmt":"2015-11-09T10:28:05","guid":{"rendered":"https:\/\/www.tintorerialaura.com\/?page_id=13166&#038;lang=en"},"modified":"2017-08-02T14:21:00","modified_gmt":"2017-08-02T12:21:00","slug":"cookies","status":"publish","type":"page","link":"https:\/\/www.tintorerialaura.com\/en\/cookies","title":{"rendered":"Cookies"},"content":{"rendered":"<h2>En Tintorer\u00eda Laura\u00a0usamos cookies<\/h2>\n<p>Tintorer\u00eda Laura\u00a0utiliza cookies para mejorar la experiencia de los usuarios, facilitando la navegaci\u00f3n por nuestra web. Estamos haciendo todo lo posible por facilitar el uso de dichas cookies, as\u00ed como su gesti\u00f3n y control al utilizar nuestros servicios.<\/p>\n<h3>\u00bfQu\u00e9 son las cookies?<\/h3>\n<p>Las cookies son peque\u00f1os archivos de texto que se almacenan en el dispositivo del usuario de Internet al visitar una p\u00e1gina web. Es el operador del sitio web el que determina qu\u00e9 tipo de informaci\u00f3n contiene dicha cookie y cu\u00e1l es su prop\u00f3sito, pudiendo adem\u00e1s ser utilizada por el servidor web cada vez que visite dicha web. Se utilizan las cookies para ahorrar tiempo y hacer la experiencia de navegaci\u00f3n web mucho m\u00e1s eficiente. No obstante, pueden ser usadas con varios prop\u00f3sitos diferentes que van desde recordar la informaci\u00f3n de inicio de sesi\u00f3n o lo que contiene su pedido de compra.<\/p>\n<p>Existen una gran cantidad de gu\u00edas en las que se explica lo que son las cookies, y para qu\u00e9 se utilizan. Pro nuestra parte, les explicaremos c\u00f3mo afectan estas cookies a la p\u00e1gina web de Tintorer\u00eda Laura, pero en el caso de que necesite m\u00e1s informaci\u00f3n al respecto, eche un vistazo a estas p\u00e1ginas:<\/p>\n<ul>\n<li><a href=\"http:\/\/www.allaboutcookies.org\">http:\/\/www.allaboutcookies.org<\/a><\/li>\n<li><a href=\"http:\/\/www.youronlinechoices.eu\">http:\/\/www.youronlinechoices.eu<\/a><\/li>\n<li><a href=\"http:\/\/www.international-chamber.co.uk\/our-expertise\/digitaleconomy\">http:\/\/www.international-chamber.co.uk\/our-expertise\/digitaleconomy<\/a><\/li>\n<\/ul>\n<h3>\u00bfC\u00f3mo utiliza Tintorer\u00eda Laura las cookies?<\/h3>\n<p>Tintorer\u00eda Laura tan solo utilizar\u00e1 las cookies que Usted nos deje utilizar. Podr\u00e1 controlar sus cookies a trav\u00e9s de su navegador. Podr\u00e1 encontrar m\u00e1s informaci\u00f3n al respecto m\u00e1s adelante. Hemos utilizado algunas de las gu\u00edas existentes para clasificar las cookies que usamos en varios grupos:<\/p>\n<ul>\n<li>Cookies de Rendimiento<\/li>\n<li>Cookies Funcionales<\/li>\n<li>Cookies de Marketing<\/li>\n<\/ul>\n<p>A continuaci\u00f3n encontrar\u00e1 m\u00e1s informaci\u00f3n sobre cada uno de estos tipos de cookies.<\/p>\n<h4>1. Cookies de Rendimiento<\/h4>\n<p>Se trata de cookies que recogen informaci\u00f3n sobre c\u00f3mo utiliza el sitio web (por ejemplo, las p\u00e1ginas que visita o si se produce alg\u00fan error) y que tambi\u00e9n ayudan a Tintorer\u00eda Laura a la localizaci\u00f3n y soluci\u00f3n de problemas del sitio web. Toda la informaci\u00f3n recogida en las mismas es totalmente an\u00f3nima y nos ayuda a entender c\u00f3mo funciona nuestro sitio, realizando las mejoras oportunas para facilitar su navegaci\u00f3n.<\/p>\n<p>Dichas cookies permitir\u00e1n:<\/p>\n<p>Que Usted navegue por el sitio<br \/>\nQue Tintorer\u00eda Laura recompile informaci\u00f3n sobre c\u00f3mo utiliza Usted la p\u00e1gina web, para as\u00ed entender la usabilidad del sitio, y ayudarnos a implementar las mejoras necesarias. Estas cookies no recoger\u00e1n ninguna informaci\u00f3n sobre Usted que pueda ser usada con fines publicitarios, o informaci\u00f3n acerca de sus preferencias (tales como sus datos de usuario) m\u00e1s all\u00e1 de esa visita en particular.<\/p>\n<h4>2. Cookies Funcionales<\/h4>\n<p>Nuestro prop\u00f3sito con estas cookies no es otro que mejorar la experiencia de los usuarios de Tintorer\u00eda Laura. Podr\u00e1 rechazar en cualquier momento el uso de dichas cookies. Tintorer\u00eda Laura utiliza estas cookies para recordar ciertos par\u00e1metros de configuraci\u00f3n o para proporcionar ciertos servicios o mensajes que pueden llegar a mejorar su experiencia en nuestro sitio. Por ejemplo, recuerdan el pa\u00eds o el idioma que ha seleccionado al visitar las p\u00e1ginas, y no se utilizan con fines de marketing.<\/p>\n<p>Dichas cookies permitir\u00e1n:<\/p>\n<p>Recordar sus datos de inicio de sesi\u00f3n como cliente al volver a la p\u00e1gina<br \/>\nEstas cookies no recoger\u00e1n ninguna informaci\u00f3n sobre Usted que pueda ser usada con fines publicitarios, o informaci\u00f3n acerca de sus preferencias (tales como sus datos de usuario) m\u00e1s all\u00e1 de esa visita en particular.<\/p>\n<h4>3. Cookies de Marketing<\/h4>\n<p>Dichas cookies son gestionadas por terceros, con lo que podr\u00e1 utilizar las herramientas de \u00e9stos para restringir el uso de estas cookies. Algunas de las cookies se utilizan para enlazar a otras p\u00e1ginas web que proporcionan ciertos servicios a Tintorer\u00eda Laura, como puede ser el caso de Facebook, Twitter o Google. Algunas de estas cookies modificar\u00e1n los anuncios de otras webs para adaptarlos a sus preferencias.<\/p>\n<p>Estas cookies permitir\u00e1n:<\/p>\n<p>Enlazar con redes sociales<br \/>\nPasar informaci\u00f3n sobre su visita a la p\u00e1gina de Tintorer\u00eda Laura para adaptar anuncios en otras p\u00e1ginas.<br \/>\nAdem\u00e1s de aceptar o rechazar el uso de ciertas cookies a trav\u00e9s de la p\u00e1gina web de Tintorer\u00eda Laura, tambi\u00e9n podr\u00e1 gestionarlas haciendo uso de la configuraci\u00f3n de su navegador.<\/p>\n<p>Aqu\u00ed tiene una fuente de informaci\u00f3n sobre c\u00f3mo llevar a cabo dicho proceso:<a href=\"http:\/\/www.allaboutcookies.org\/manage-cookies\/\"> http:\/\/www.allaboutcookies.org\/manage-cookies\/<\/a><\/p>\n<p>Tan solo leeremos o escribiremos cookies acerca de sus preferencias. Aquellas que hayan sido instaladas antes de modificar la configuraci\u00f3n permanecer\u00e1n en su ordenador y podr\u00e1 borrarlas haciendo uso de las opciones de configuraci\u00f3n de su navegador.<\/p>\n","protected":false},"excerpt":{"rendered":"<p>En Tintorer\u00eda Laura\u00a0usamos cookies Tintorer\u00eda Laura\u00a0utiliza cookies para mejorar la experiencia de los usuarios, facilitando la navegaci\u00f3n por nuestra web. Estamos haciendo todo lo posible por facilitar el uso de dichas cookies, as\u00ed como su gesti\u00f3n y control al utilizar nuestros servicios. \u00bfQu\u00e9 son las cookies? Las cookies son peque\u00f1os archivos de texto que se almacenan en el dispositivo del usuario de Internet al visitar una p\u00e1gina web. Es el operador del sitio web el [&hellip;]<\/p>\n","protected":false},"author":1,"featured_media":0,"parent":0,"menu_order":17,"comment_status":"closed","ping_status":"closed","template":"","meta":{"om_disable_all_campaigns":false},"aioseo_notices":[],"_links":{"self":[{"href":"https:\/\/www.tintorerialaura.com\/en\/wp-json\/wp\/v2\/pages\/13166"}],"collection":[{"href":"https:\/\/www.tintorerialaura.com\/en\/wp-json\/wp\/v2\/pages"}],"about":[{"href":"https:\/\/www.tintorerialaura.com\/en\/wp-json\/wp\/v2\/types\/page"}],"author":[{"embeddable":true,"href":"https:\/\/www.tintorerialaura.com\/en\/wp-json\/wp\/v2\/users\/1"}],"replies":[{"embeddable":true,"href":"https:\/\/www.tintorerialaura.com\/en\/wp-json\/wp\/v2\/comments?post=13166"}],"version-history":[{"count":1,"href":"https:\/\/www.tintorerialaura.com\/en\/wp-json\/wp\/v2\/pages\/13166\/revisions"}],"predecessor-version":[{"id":13167,"href":"https:\/\/www.tintorerialaura.com\/en\/wp-json\/wp\/v2\/pages\/13166\/revisions\/13167"}],"wp:attachment":[{"href":"https:\/\/www.tintorerialaura.com\/en\/wp-json\/wp\/v2\/media?parent=13166"}],"curies":[{"name":"wp","href":"https:\/\/api.w.org\/{rel}","templated":true}]}}