{"id":14576,"date":"2015-10-14T11:32:22","date_gmt":"2015-10-14T09:32:22","guid":{"rendered":"https:\/\/www.tintorerialaura.com\/inicio?lang=fr"},"modified":"2017-08-03T17:28:14","modified_gmt":"2017-08-03T15:28:14","slug":"accueil","status":"publish","type":"page","link":"https:\/\/www.tintorerialaura.com\/fr","title":{"rendered":"Accueil"},"content":{"rendered":"<p><div  class=\"fusion-fullwidth fullwidth-box nonhundred-percent-fullwidth\"  style='background-color: rgba(255,255,255,0);background-position: left top;background-repeat: no-repeat;padding-top:20px;padding-bottom:20px;border-top-width:0px;border-bottom-width:0px;border-color:#eae9e9;border-top-style:solid;border-bottom-style:solid;'><div class=\"fusion-builder-row fusion-row \"><div  class=\"fusion-layout-column fusion_builder_column fusion_builder_column_1_3  fusion-one-third fusion-column-first 1_3\"  style='margin-top:0px;margin-bottom:20px;width:30.6666%; margin-right: 4%;'>\n\t\t\t\t\t<div class=\"fusion-column-wrapper\" style=\"background-position:left top;background-repeat:no-repeat;-webkit-background-size:cover;-moz-background-size:cover;-o-background-size:cover;background-size:cover;\"  data-bg-url=\"\">\n\t\t\t\t\t\t<div class=\"imageframe-align-center\"><div class=\"imageframe-liftup\"><span style=\"-moz-box-shadow: 0 0 3px rgba(0,0,0,.3);-webkit-box-shadow: 0 0 3px rgba(0,0,0,.3);box-shadow: 0 0 3px rgba(0,0,0,.3);\" class=\"fusion-imageframe imageframe-glow imageframe-1\"><a class=\"fusion-no-lightbox\" href=\"\/vestidos-novia?lang=en\" target=\"_self\" aria-label=\"JorgeTerra_149_337_215\"><img loading=\"lazy\" src=\"https:\/\/www.tintorerialaura.com\/wp-content\/uploads\/2015\/10\/JorgeTerra_149_337_215.jpg\" width=\"337\" height=\"215\" alt=\"Ir a la p\u00e1gina Limpieza de Vestidos de Novia\" class=\"img-responsive wp-image-14580\"\/><\/a><\/span><\/div><\/div><div class=\"fusion-sep-clear\"><\/div><div class=\"fusion-separator fusion-full-width-sep sep-none\" style=\"margin-left: auto;margin-right: auto;margin-top:18px;\"><\/div><h2><a href=\"https:\/\/www.tintorerialaura.com\/wedding_dress_cleaning_dyeing?lang=en\">Robes de Mari\u00e9e<\/a><\/h2>\n<p>Tintoreria Laura &#8211;\u00a0<span lang=\"fr\"> Sp\u00e9cialistes dans le nettoyage et le repassage des r<\/span>obes de mari\u00e9e en tissus nobles et d\u00e9licates pierres fines.<\/p>\n<p>Service disponible pour exp\u00e9dition vers toute l\u2019Europe<\/p>\n<div class=\"fusion-clearfix\"><\/div>\n\n\t\t\t\t\t<\/div>\n\t\t\t\t<\/div><div  class=\"fusion-layout-column fusion_builder_column fusion_builder_column_1_3  fusion-one-third 1_3\"  style='margin-top:0px;margin-bottom:20px;width:30.6666%; margin-right: 4%;'>\n\t\t\t\t\t<div class=\"fusion-column-wrapper\" style=\"background-position:left top;background-repeat:no-repeat;-webkit-background-size:cover;-moz-background-size:cover;-o-background-size:cover;background-size:cover;\"  data-bg-url=\"\">\n\t\t\t\t\t\t<div class=\"imageframe-align-center\"><div class=\"imageframe-liftup\"><span style=\"-moz-box-shadow: 0 0 3px rgba(0,0,0,.3);-webkit-box-shadow: 0 0 3px rgba(0,0,0,.3);box-shadow: 0 0 3px rgba(0,0,0,.3);\" class=\"fusion-imageframe imageframe-glow imageframe-2\"><a class=\"fusion-no-lightbox\" href=\"\/comunion-bautizo?lang=en\" target=\"_self\" aria-label=\"Fotolia_64258982_337_215_A\"><img loading=\"lazy\" src=\"https:\/\/www.tintorerialaura.com\/wp-content\/uploads\/2016\/01\/Fotolia_64258982_337_215_A.jpg\" width=\"337\" height=\"215\" alt=\"Ir a la p\u00e1gina Limpieza de Vestidos de Comunion y Bautizo\" class=\"img-responsive wp-image-13741\"\/><\/a><\/span><\/div><\/div><div class=\"fusion-sep-clear\"><\/div><div class=\"fusion-separator fusion-full-width-sep sep-none\" style=\"margin-left: auto;margin-right: auto;margin-top:18px;\"><\/div><h2><a href=\"https:\/\/www.tintorerialaura.com\/comunion-bautizo?lang=en\">Robe de Premi\u00e8re Communion et Bapt\u00eame<\/a><\/h2>\n<p>Nettoyage, blanchiment et repassage.<br \/>\nService sp\u00e9cial avec repassage avant et apr\u00e8s la s\u00e9ance photo<\/p>\n<div class=\"fusion-clearfix\"><\/div>\n\n\t\t\t\t\t<\/div>\n\t\t\t\t<\/div><div  class=\"fusion-layout-column fusion_builder_column fusion_builder_column_1_3  fusion-one-third fusion-column-last 1_3\"  style='margin-top:0px;margin-bottom:20px;width:30.6666%'>\n\t\t\t\t\t<div class=\"fusion-column-wrapper\" style=\"background-position:left top;background-repeat:no-repeat;-webkit-background-size:cover;-moz-background-size:cover;-o-background-size:cover;background-size:cover;\"  data-bg-url=\"\">\n\t\t\t\t\t\t<div class=\"imageframe-align-center\"><div class=\"imageframe-liftup\"><span class=\"fusion-imageframe imageframe-none imageframe-3\"><a class=\"fusion-no-lightbox\" href=\"\/limpieza-bolsos-calzado?lang=en\" target=\"_self\" aria-label=\"fotolia_71487154\"><img loading=\"lazy\" src=\"https:\/\/www.tintorerialaura.com\/wp-content\/uploads\/2016\/04\/fotolia_71487154.jpg\" width=\"500\" height=\"335\" alt=\"Ir a la p\u00e1gina Limpieza de Bolsos y Calzado\" class=\"img-responsive wp-image-13959\"\/><\/a><\/span><\/div><\/div><div class=\"fusion-sep-clear\"><\/div><div class=\"fusion-separator fusion-full-width-sep sep-none\" style=\"margin-left: auto;margin-right: auto;margin-top:18px;\"><\/div><h2 data-lineheight=\"27\" data-fontsize=\"18\"><a href=\"https:\/\/www.tintorerialaura.com\/limpieza-bolsos-calzado?lang=en\">Sacs et chaussures<\/a><\/h2>\n<p>Tintoreria Laura est un partenaire de confiance pour la plupart des concepteurs et des boutiques de Haute Couture.<\/p>\n<div class=\"fusion-clearfix\"><\/div>\n\n\t\t\t\t\t<\/div>\n\t\t\t\t<\/div><\/div><\/div><div  class=\"fusion-fullwidth fullwidth-box nonhundred-percent-fullwidth\"  style='background-color: #fcfcfc;background-position: left top;background-repeat: no-repeat;padding-top:0px;padding-right:0px;padding-bottom:15px;padding-left:0px;'><div class=\"fusion-builder-row fusion-row \"><div  class=\"fusion-layout-column fusion_builder_column fusion_builder_column_1_3  fusion-one-third fusion-column-first 1_3\"  style='margin-top:0px;margin-bottom:20px;width:30.6666%; margin-right: 4%;'>\n\t\t\t\t\t<div class=\"fusion-column-wrapper\" style=\"background-position:left top;background-repeat:no-repeat;-webkit-background-size:cover;-moz-background-size:cover;-o-background-size:cover;background-size:cover;\"  data-bg-url=\"\">\n\t\t\t\t\t\t<div class=\"imageframe-align-center\"><div class=\"imageframe-liftup\"><span style=\"-moz-box-shadow: 0 0 3px rgba(0,0,0,.3);-webkit-box-shadow: 0 0 3px rgba(0,0,0,.3);box-shadow: 0 0 3px rgba(0,0,0,.3);\" class=\"fusion-imageframe imageframe-glow imageframe-4\"><a class=\"fusion-no-lightbox\" href=\"\/pieles-peleteria-fina?lang=en\" target=\"_self\" aria-label=\"fotolia_36632804\"><img loading=\"lazy\" src=\"https:\/\/www.tintorerialaura.com\/wp-content\/uploads\/2016\/04\/fotolia_36632804.jpg\" width=\"500\" height=\"333\" alt=\"Ir a la p\u00e1gina Limpieza, restauraci\u00f3n y te\u00f1ido de Piel y Peleter\u00eda Fina\" class=\"img-responsive wp-image-13949\"\/><\/a><\/span><\/div><\/div><div class=\"fusion-sep-clear\"><\/div><div class=\"fusion-separator fusion-full-width-sep sep-none\" style=\"margin-left: auto;margin-right: auto;margin-top:18px;\"><\/div><h2><a href=\"https:\/\/www.tintorerialaura.com\/pieles-peleteria-fina?lang=en\">Cuir et Fourrure<\/a><\/h2>\n<p>Sp\u00e9cialistes en nettoyage et teinture de v\u00eatements en cuir, nubuck, fourrure, vison, renard<\/p>\n<p>Service disponible pour exp\u00e9dition vers toute l\u2019Europe<\/p>\n<div class=\"fusion-clearfix\"><\/div>\n\n\t\t\t\t\t<\/div>\n\t\t\t\t<\/div><div  class=\"fusion-layout-column fusion_builder_column fusion_builder_column_1_3  fusion-one-third 1_3\"  style='margin-top:0px;margin-bottom:20px;width:30.6666%; margin-right: 4%;'>\n\t\t\t\t\t<div class=\"fusion-column-wrapper\" style=\"background-position:left top;background-repeat:no-repeat;-webkit-background-size:cover;-moz-background-size:cover;-o-background-size:cover;background-size:cover;\"  data-bg-url=\"\">\n\t\t\t\t\t\t<div class=\"imageframe-align-center\"><div class=\"imageframe-liftup\"><span class=\"fusion-imageframe imageframe-none imageframe-5\"><a class=\"fusion-no-lightbox\" href=\"https:\/\/www.tintorerialaura.com\/barbours-y-belstaff?lang=en\" target=\"_self\" aria-label=\"Fotolia_31802198_337x215\"><img loading=\"lazy\" src=\"https:\/\/www.tintorerialaura.com\/wp-content\/uploads\/2015\/10\/Fotolia_31802198_337x215.jpg\" width=\"337\" height=\"215\" alt=\"Ir a la p\u00e1gina Limpieza, restauraci\u00f3n y te\u00f1ido de Piel y Peleter\u00eda Fina\" class=\"img-responsive wp-image-14600\"\/><\/a><\/span><\/div><\/div><div class=\"fusion-sep-clear\"><\/div><div class=\"fusion-separator fusion-full-width-sep sep-none\" style=\"margin-left: auto;margin-right: auto;margin-top:18px;\"><\/div><h2 data-lineheight=\"27\" data-fontsize=\"18\"><a href=\"https:\/\/www.tintorerialaura.com\/barbours-y-belstaff?lang=en\">Barbours et Belstaff<\/a><\/h2>\n<p>Nettoyage, rehuilage et teinture de Barbours et Belstaff pour renouver leur apparence originale ainsi que l\u2019imperm\u00e9abilisation<\/p>\n<p>Service disponible pour exp\u00e9dition vers toute l\u2019Europe<\/p>\n<div class=\"fusion-clearfix\"><\/div>\n<div class=\"fusion-clearfix\"><\/div>\n\n\t\t\t\t\t<\/div>\n\t\t\t\t<\/div><div  class=\"fusion-layout-column fusion_builder_column fusion_builder_column_1_3  fusion-one-third fusion-column-last 1_3\"  style='margin-top:0px;margin-bottom:20px;width:30.6666%'>\n\t\t\t\t\t<div class=\"fusion-column-wrapper\" style=\"background-position:left top;background-repeat:no-repeat;-webkit-background-size:cover;-moz-background-size:cover;-o-background-size:cover;background-size:cover;\"  data-bg-url=\"\">\n\t\t\t\t\t\t<div class=\"imageframe-align-center\"><div class=\"imageframe-liftup\"><span style=\"-moz-box-shadow: 0 0 3px rgba(0,0,0,.3);-webkit-box-shadow: 0 0 3px rgba(0,0,0,.3);box-shadow: 0 0 3px rgba(0,0,0,.3);\" class=\"fusion-imageframe imageframe-glow imageframe-6\"><a class=\"fusion-no-lightbox\" href=\"\/fiesta-etiqueta?lang=en\" target=\"_self\" aria-label=\"fotolia_49112183\"><img loading=\"lazy\" src=\"https:\/\/www.tintorerialaura.com\/wp-content\/uploads\/2016\/04\/fotolia_49112183.jpg\" width=\"500\" height=\"334\" alt=\"Ir a la p\u00e1gina Limpieza de Vestidos de Fiesta y Alta Costura\" class=\"img-responsive wp-image-13953\"\/><\/a><\/span><\/div><\/div><div class=\"fusion-sep-clear\"><\/div><div class=\"fusion-separator fusion-full-width-sep sep-none\" style=\"margin-left: auto;margin-right: auto;margin-top:18px;\"><\/div><h2><a href=\"https:\/\/www.tintorerialaura.com\/fiesta-etiqueta?lang=en\">Haute-couture et le pr\u00eat-\u00e0-porter de luxe<\/a><\/h2>\n<p>Tintoreria y Pieles Laura est un partenaire de confiance pour la majorit\u00e9 des concepteurs et des boutiques de haute couture<\/p>\n<div class=\"fusion-clearfix\"><\/div>\n\n\t\t\t\t\t<\/div>\n\t\t\t\t<\/div><\/div><\/div><div  class=\"fusion-fullwidth fullwidth-box nonhundred-percent-fullwidth\"  style='background-color: #fcfcfc;background-position: left top;background-repeat: no-repeat;padding-top:0px;padding-right:0px;padding-bottom:15px;padding-left:0px;'><div class=\"fusion-builder-row fusion-row \"><div  class=\"fusion-layout-column fusion_builder_column fusion_builder_column_1_3  fusion-one-third fusion-column-first 1_3\"  style='margin-top:0px;margin-bottom:20px;width:30.6666%; margin-right: 4%;'>\n\t\t\t\t\t<div class=\"fusion-column-wrapper\" style=\"background-position:left top;background-repeat:no-repeat;-webkit-background-size:cover;-moz-background-size:cover;-o-background-size:cover;background-size:cover;\"  data-bg-url=\"\">\n\t\t\t\t\t\t<div class=\"imageframe-align-center\"><div class=\"imageframe-liftup\"><span style=\"-moz-box-shadow: 0 0 3px rgba(0,0,0,.3);-webkit-box-shadow: 0 0 3px rgba(0,0,0,.3);box-shadow: 0 0 3px rgba(0,0,0,.3);\" class=\"fusion-imageframe imageframe-glow imageframe-7\"><a class=\"fusion-no-lightbox\" href=\"\/tenido-de-todo-tipo-de-prendas?lang=en\" target=\"_self\" aria-label=\"Fotolia_91372729_337_215\"><img loading=\"lazy\" src=\"https:\/\/www.tintorerialaura.com\/wp-content\/uploads\/2015\/10\/Fotolia_91372729_337_215.jpg\" width=\"337\" height=\"215\" alt=\"Ir a la p\u00e1gina Tintes y Te\u00f1ido de ropa\" class=\"img-responsive wp-image-14602\"\/><\/a><\/span><\/div><\/div><div class=\"fusion-sep-clear\"><\/div><div class=\"fusion-separator fusion-full-width-sep sep-none\" style=\"margin-left: auto;margin-right: auto;margin-top:18px;\"><\/div><h2><a href=\"https:\/\/www.tintorerialaura.com\/tenido-de-todo-tipo-de-prendas?lang=en\">Teindre des V\u00eatements<\/a><\/h2>\n<p>Sp\u00e9cialistes dans la teinture de toutes sortes de v\u00eatements, y compris les Barbours et Belstaff<br \/>\nTeinture de robes de mari\u00e9e et de f\u00eate<\/p>\n<p>Service disponible pour exp\u00e9dition vers toute l\u2019Europe<\/p>\n<div class=\"fusion-clearfix\"><\/div>\n\n\t\t\t\t\t<\/div>\n\t\t\t\t<\/div><div  class=\"fusion-layout-column fusion_builder_column fusion_builder_column_1_3  fusion-one-third 1_3\"  style='margin-top:0px;margin-bottom:20px;width:30.6666%; margin-right: 4%;'>\n\t\t\t\t\t<div class=\"fusion-column-wrapper\" style=\"background-position:left top;background-repeat:no-repeat;-webkit-background-size:cover;-moz-background-size:cover;-o-background-size:cover;background-size:cover;\"  data-bg-url=\"\">\n\t\t\t\t\t\t<div class=\"imageframe-align-center\"><div class=\"imageframe-liftup\"><span style=\"-moz-box-shadow: 0 0 3px rgba(0,0,0,.3);-webkit-box-shadow: 0 0 3px rgba(0,0,0,.3);box-shadow: 0 0 3px rgba(0,0,0,.3);\" class=\"fusion-imageframe imageframe-glow imageframe-8\"><a class=\"fusion-no-lightbox\" href=\"\/ignifugacion-tejidos-y-locales?lang=en\" target=\"_self\" aria-label=\"fotolia_30257289_337x215\"><img loading=\"lazy\" src=\"https:\/\/www.tintorerialaura.com\/wp-content\/uploads\/2015\/10\/Fotolia_30257289_337x215.jpg\" width=\"337\" height=\"215\" alt=\"Ir a la p\u00e1gina Ign\u00edfugos y tratamientos antifuego\" class=\"img-responsive wp-image-15080\"\/><\/a><\/span><\/div><\/div><div class=\"fusion-sep-clear\"><\/div><div class=\"fusion-separator fusion-full-width-sep sep-none\" style=\"margin-left: auto;margin-right: auto;margin-top:18px;\"><\/div><h2><a href=\"https:\/\/www.tintorerialaura.com\/ignifugacion-tejidos-y-locales?lang=en\">Traitement d&rsquo;ignifugation<\/a><\/h2>\n<p>Ignifugation certifi\u00e9 de tissus et locaux<\/p>\n<p>Traitements des textiles pour la pr\u00e9vention des incendies<\/p>\n<p>Service disponible dans toute l\u2019Europe<\/p>\n<div class=\"fusion-clearfix\"><\/div>\n\n\t\t\t\t\t<\/div>\n\t\t\t\t<\/div><div  class=\"fusion-layout-column fusion_builder_column fusion_builder_column_1_3  fusion-one-third fusion-column-last 1_3\"  style='margin-top:0px;margin-bottom:20px;width:30.6666%'>\n\t\t\t\t\t<div class=\"fusion-column-wrapper\" style=\"background-position:left top;background-repeat:no-repeat;-webkit-background-size:cover;-moz-background-size:cover;-o-background-size:cover;background-size:cover;\"  data-bg-url=\"\">\n\t\t\t\t\t\t<div class=\"imageframe-align-center\"><div class=\"imageframe-liftup\"><span class=\"fusion-imageframe imageframe-none imageframe-9\"><a class=\"fusion-no-lightbox\" href=\"\/alfombras?lang=en\" target=\"_self\" aria-label=\"fotolia_85075210_337x215\"><img loading=\"lazy\" src=\"https:\/\/www.tintorerialaura.com\/wp-content\/uploads\/2015\/10\/Fotolia_85075210_337x215.jpg\" width=\"337\" height=\"215\" alt=\"Ir a la p\u00e1gina Limpieza y restauraci\u00f3n de Alfombras y Tapices\" class=\"img-responsive wp-image-15079\"\/><\/a><\/span><\/div><\/div><div class=\"fusion-sep-clear\"><\/div><div class=\"fusion-separator fusion-full-width-sep sep-none\" style=\"margin-left: auto;margin-right: auto;margin-top:18px;\"><\/div><h2 data-lineheight=\"27\" data-fontsize=\"18\"><a href=\"https:\/\/www.tintorerialaura.com\/alfombras?lang=en\">Tapis<\/a><\/h2>\n<p>Nettoyage et restauration de tapis<br \/>\nDepuis des tapis les plus sophistiqu\u00e9 persans en soie jusqu&rsquo;au des tapis les plus sencilles en laine<\/p>\n<div class=\"fusion-clearfix\"><\/div>\n\n\t\t\t\t\t<\/div>\n\t\t\t\t<\/div><\/div><\/div><div  class=\"fusion-fullwidth fullwidth-box nonhundred-percent-fullwidth\"  style='background-color: #fcfcfc;background-position: left top;background-repeat: no-repeat;padding-top:0px;padding-right:0px;padding-bottom:15px;padding-left:0px;'><div class=\"fusion-builder-row fusion-row \"><div  class=\"fusion-layout-column fusion_builder_column fusion_builder_column_1_3  fusion-one-third fusion-column-first 1_3\"  style='margin-top:0px;margin-bottom:20px;width:30.6666%; margin-right: 4%;'>\n\t\t\t\t\t<div class=\"fusion-column-wrapper\" style=\"background-position:left top;background-repeat:no-repeat;-webkit-background-size:cover;-moz-background-size:cover;-o-background-size:cover;background-size:cover;\"  data-bg-url=\"\">\n\t\t\t\t\t\t<div class=\"imageframe-align-center\"><div class=\"imageframe-liftup\"><span style=\"-moz-box-shadow: 0 0 3px rgba(0,0,0,.3);-webkit-box-shadow: 0 0 3px rgba(0,0,0,.3);box-shadow: 0 0 3px rgba(0,0,0,.3);\" class=\"fusion-imageframe imageframe-glow imageframe-10\"><a class=\"fusion-no-lightbox\" href=\"https:\/\/www.tintorerialaura.com\/cortinas-y-estores?lang=en\" target=\"_self\" aria-label=\"Fotolia_91521045_337_215\"><img loading=\"lazy\" src=\"https:\/\/www.tintorerialaura.com\/wp-content\/uploads\/2015\/10\/Fotolia_91521045_337_215.jpg\" width=\"337\" height=\"215\" alt=\"Ir a la p\u00e1gina Limpieza de Cortinas y Estores\" class=\"img-responsive wp-image-14603\"\/><\/a><\/span><\/div><\/div><div class=\"fusion-sep-clear\"><\/div><div class=\"fusion-separator fusion-full-width-sep sep-none\" style=\"margin-left: auto;margin-right: auto;margin-top:18px;\"><\/div><h2><a href=\"https:\/\/www.tintorerialaura.com\/cortinas-y-estores?lang=en\">Rideaux, Voilages et Stores<\/a><\/h2>\n<p>Tintoreria y pieles Laura: Nettoyage de rideaux, voilages et Sores de toutes types de tissus et confection<\/p>\n<p>Avec service pour la d\u00e9pose et pose de rideaux<\/p>\n<div class=\"fusion-clearfix\"><\/div>\n\n\t\t\t\t\t<\/div>\n\t\t\t\t<\/div><div  class=\"fusion-layout-column fusion_builder_column fusion_builder_column_1_3  fusion-one-third 1_3\"  style='margin-top:0px;margin-bottom:20px;width:30.6666%; margin-right: 4%;'>\n\t\t\t\t\t<div class=\"fusion-column-wrapper\" style=\"background-position:left top;background-repeat:no-repeat;-webkit-background-size:cover;-moz-background-size:cover;-o-background-size:cover;background-size:cover;\"  data-bg-url=\"\">\n\t\t\t\t\t\t<div class=\"imageframe-align-center\"><div class=\"imageframe-liftup\"><span style=\"-moz-box-shadow: 0 0 3px rgba(0,0,0,.3);-webkit-box-shadow: 0 0 3px rgba(0,0,0,.3);box-shadow: 0 0 3px rgba(0,0,0,.3);\" class=\"fusion-imageframe imageframe-glow imageframe-11\"><a class=\"fusion-no-lightbox\" href=\"\/edredones-y-mantas?lang=en\" target=\"_self\" aria-label=\"Fotolia_61485191_337_215\"><img loading=\"lazy\" src=\"https:\/\/www.tintorerialaura.com\/wp-content\/uploads\/2016\/01\/Fotolia_61485191_337_215.jpg\" width=\"337\" height=\"215\" alt=\"Ir a la p\u00e1gina Limpieza de Edredones y Mantas\" class=\"img-responsive wp-image-13745\"\/><\/a><\/span><\/div><\/div><div class=\"fusion-sep-clear\"><\/div><div class=\"fusion-separator fusion-full-width-sep sep-none\" style=\"margin-left: auto;margin-right: auto;margin-top:18px;\"><\/div><h2><a href=\"https:\/\/www.tintorerialaura.com\/edredones-y-mantas?lang=en\">Couettes et couvertures<\/a><\/h2>\n<p>Service impeccable pour le nettoyage de couvertures et de couettes<br \/>\nUtilisez notre service de stockage de v\u00eatements hors-saison<\/p>\n<div class=\"fusion-clearfix\"><\/div>\n\n\t\t\t\t\t<\/div>\n\t\t\t\t<\/div><div  class=\"fusion-layout-column fusion_builder_column fusion_builder_column_1_3  fusion-one-third fusion-column-last 1_3\"  style='margin-top:0px;margin-bottom:20px;width:30.6666%'>\n\t\t\t\t\t<div class=\"fusion-column-wrapper\" style=\"background-position:left top;background-repeat:no-repeat;-webkit-background-size:cover;-moz-background-size:cover;-o-background-size:cover;background-size:cover;\"  data-bg-url=\"\">\n\t\t\t\t\t\t<div class=\"imageframe-align-center\"><div class=\"imageframe-liftup\"><span style=\"-moz-box-shadow: 0 0 3px rgba(0,0,0,.3);-webkit-box-shadow: 0 0 3px rgba(0,0,0,.3);box-shadow: 0 0 3px rgba(0,0,0,.3);\" class=\"fusion-imageframe imageframe-glow imageframe-12\"><a class=\"fusion-no-lightbox\" href=\"\/cursos-de-plancha-y-tratamientos-de-prendas-en-casa?lang=en\" target=\"_self\" aria-label=\"Fotolia_69902737_Recortada337_215\"><img loading=\"lazy\" src=\"https:\/\/www.tintorerialaura.com\/wp-content\/uploads\/2015\/10\/Fotolia_69902737_Recortada337_215.jpg\" width=\"337\" height=\"215\" alt=\"Ir a la p\u00e1gina Cursos de plancha y tratamiento de prendas en casa\" class=\"img-responsive wp-image-14577\"\/><\/a><\/span><\/div><\/div><div class=\"fusion-sep-clear\"><\/div><div class=\"fusion-separator fusion-full-width-sep sep-none\" style=\"margin-left: auto;margin-right: auto;margin-top:18px;\"><\/div><h2><a href=\"https:\/\/www.tintorerialaura.com\/cursos-de-plancha-y-tratamientos-de-prendas-en-casa?lang=en\">Cours de repassage<\/a><\/h2>\n<p>Formation pour nos clients pour apprendre \u00e0 repasser tout type de tissu \u00e0 la fin d&rsquo;obtenir les meilleurs r\u00e9sultats avec votre fer domestique<br \/>\nP\u00e9riode d\u2019inscription ouverte\u00a0: r\u00e9servez votre place pour la prochaine \u00e9dition<\/p>\n<div class=\"fusion-clearfix\"><\/div>\n\n\t\t\t\t\t<\/div>\n\t\t\t\t<\/div><\/div><\/div><div  class=\"fusion-fullwidth fullwidth-box nonhundred-percent-fullwidth\"  style='background-color: rgba(255,255,255,0);background-position: left top;background-repeat: no-repeat;padding-right:0px;padding-bottom:0px;padding-left:0px;border-top-width:0px;border-bottom-width:0px;border-color:#eae9e9;border-top-style:solid;border-bottom-style:solid;'><div class=\"fusion-builder-row fusion-row \"><div  class=\"fusion-layout-column fusion_builder_column fusion_builder_column_1_1  fusion-one-full fusion-column-first fusion-column-last fusion-column-no-min-height 1_1\"  style='margin-top:0px;margin-bottom:0px;'>\n\t\t\t\t\t<div class=\"fusion-column-wrapper\" style=\"background-position:left top;background-repeat:no-repeat;-webkit-background-size:cover;-moz-background-size:cover;-o-background-size:cover;background-size:cover;\"  data-bg-url=\"\">\n\t\t\t\t\t\t<div class=\"fusion-title title sep-underline sep-solid fusion-title-size-one\" style=\"border-bottom-color:#e0dede;margin-top:0px;margin-bottom:31px;\"><h1 class=\"title-heading-left\"><a href=\"\/?page_id=11587\">Tintoreria y Pieles Laura &#8211; Pressing Haute Qualit\u00e9<\/a><\/h1><\/div><div class=\"fusion-clearfix\"><\/div>\n\n\t\t\t\t\t<\/div>\n\t\t\t\t<\/div><div  class=\"fusion-layout-column fusion_builder_column fusion_builder_column_3_5  fusion-three-fifth fusion-column-first 3_5\"  style='margin-top:0px;margin-bottom:20px;width:58.4%; margin-right: 4%;'>\n\t\t\t\t\t<div class=\"fusion-column-wrapper\" style=\"background-position:left top;background-repeat:no-repeat;-webkit-background-size:cover;-moz-background-size:cover;-o-background-size:cover;background-size:cover;\"  data-bg-url=\"\">\n\t\t\t\t\t\t<p><span lang=\"fr\">Tintoreria y Pieles Laura &#8211; Pressing Haute Qualit\u00e9 est une entreprise leader dans le secteur du pressing d&rsquo;Haute Couture et des v\u00eatements en cuir et fourrure.<\/span><\/p>\n<div dir=\"ltr\">Nous avons u<span id=\"result_box\" class=\"short_text\" lang=\"fr\"><span class=\"\">ne exp\u00e9rience de plus<\/span> <span class=\"\">de 45 ans<\/span><\/span><span lang=\"fr\"> et 1 000 000 de v\u00eatements trait\u00e9s<\/span><\/div>\n<p><span style=\"line-height: 1.5;\"><span lang=\"fr\">Innovation et technique ainsi qu\u2019un service personnalis\u00e9 afin d\u2019obtenir la meilleure qualit\u00e9, nous constituent une r\u00e9f\u00e9rence tant au niveau national comme international.<\/span><\/span><\/p>\n<p>Nous sommes equip\u00e9es d\u2019un laboratoire de textile d\u2019ing\u00e9nierie o\u00f9 toutes sortes de tissus et des cuirs sont analys\u00e9es afin de d\u00e9terminer le traitement appropri\u00e9.<\/p>\n<p><span lang=\"fr\">Notre portefeuille de solutions int\u00e9grale comprennent le nettoyage et de repassage de tout type de v\u00eatements, v\u00eatements de maison, rideaux, couvertures, couettes, moquettes, tapis, rembourr\u00e9s (chaises, tapisseries, canap\u00e9s), teintures de v\u00eatements, nettoyage et restauration de Barbours, service d\u2019arrangements et de Couture, stockage de v\u00eatements de hors saison, nettoyage et restauration des sacs et des chaussures, nettoyage des yachts et traitements sp\u00e9ciaux comme ignifugation\u00a0 ou la r\u00e9cup\u00e9ration de v\u00eatements apr\u00e8s une catastrophe (incendie<\/span><span lang=\"fr\">, inondation).<\/span><\/p>\n<p lang=\"fr\">Luxe et la technologie ont fait de nous \u00a0l&rsquo;une des meilleures pressings de l&rsquo;Europe<\/p>\n<div class=\"fusion-sep-clear\"><\/div><div class=\"fusion-separator fusion-full-width-sep sep-none\" style=\"margin-left: auto;margin-right: auto;margin-top:15px;margin-bottom:10px;\"><\/div><div class=\"fusion-clearfix\"><\/div>\n\n\t\t\t\t\t<\/div>\n\t\t\t\t<\/div><div  class=\"fusion-layout-column fusion_builder_column fusion_builder_column_2_5  fusion-two-fifth fusion-column-last 2_5\"  style='margin-top:0px;margin-bottom:20px;width:37.6%'>\n\t\t\t\t\t<div class=\"fusion-column-wrapper\" style=\"background-position:left top;background-repeat:no-repeat;-webkit-background-size:cover;-moz-background-size:cover;-o-background-size:cover;background-size:cover;\"  data-bg-url=\"\">\n\t\t\t\t\t\t<div class=\"fusion-video fusion-vimeo\" style=\"max-width:530px;max-height:400px;\"><div class=\"video-shortcode\"><iframe src=\"https:\/\/player.vimeo.com\/video\/142627590?title=0&amp;byline=0&amp;portrait=0?autoplay=0\" width=\"530\" height=\"400\" allowfullscreen title=\"vimeo142627590?title=0&amp;byline=0&amp;portrait=0\"><\/iframe><\/div><\/div><div class=\"fusion-clearfix\"><\/div>\n\n\t\t\t\t\t<\/div>\n\t\t\t\t<\/div><\/div><\/div><\/p>\n","protected":false},"excerpt":{"rendered":"","protected":false},"author":1,"featured_media":0,"parent":0,"menu_order":83,"comment_status":"closed","ping_status":"closed","template":"100-width.php","meta":{"om_disable_all_campaigns":false},"aioseo_notices":[],"_links":{"self":[{"href":"https:\/\/www.tintorerialaura.com\/fr\/wp-json\/wp\/v2\/pages\/14576"}],"collection":[{"href":"https:\/\/www.tintorerialaura.com\/fr\/wp-json\/wp\/v2\/pages"}],"about":[{"href":"https:\/\/www.tintorerialaura.com\/fr\/wp-json\/wp\/v2\/types\/page"}],"author":[{"embeddable":true,"href":"https:\/\/www.tintorerialaura.com\/fr\/wp-json\/wp\/v2\/users\/1"}],"replies":[{"embeddable":true,"href":"https:\/\/www.tintorerialaura.com\/fr\/wp-json\/wp\/v2\/comments?post=14576"}],"version-history":[{"count":29,"href":"https:\/\/www.tintorerialaura.com\/fr\/wp-json\/wp\/v2\/pages\/14576\/revisions"}],"predecessor-version":[{"id":15383,"href":"https:\/\/www.tintorerialaura.com\/fr\/wp-json\/wp\/v2\/pages\/14576\/revisions\/15383"}],"wp:attachment":[{"href":"https:\/\/www.tintorerialaura.com\/fr\/wp-json\/wp\/v2\/media?parent=14576"}],"curies":[{"name":"wp","href":"https:\/\/api.w.org\/{rel}","templated":true}]}}